{"id":33787,"date":"2018-10-01T04:56:24","date_gmt":"2018-10-01T04:56:24","guid":{"rendered":"https:\/\/www.marisolredondo.com\/notas-de-prensa\/"},"modified":"2019-07-14T12:19:57","modified_gmt":"2019-07-14T12:19:57","slug":"notas-de-prensa","status":"publish","type":"page","link":"https:\/\/www.marisolredondo.com\/es\/notas-de-prensa\/","title":{"rendered":"Notas De Prensa"},"content":{"rendered":"<p>[et_pb_section bb_built=\u00bb1&#8243; fullwidth=\u00bbon\u00bb _builder_version=\u00bb3.11.1&#8243; next_background_color=\u00bb#000000&#8243;][et_pb_fullwidth_header title=\u00bbNotas De Prensa\u00bb text_orientation=\u00bbcenter\u00bb header_fullscreen=\u00bbon\u00bb header_scroll_down=\u00bbon\u00bb scroll_down_icon_color=\u00bb#ffffff\u00bb scroll_down_icon_size=\u00bb34px\u00bb logo_image_url=\u00bbhttps:\/\/www.marisolredondo.com\/wp-content\/uploads\/2018\/08\/logo-large.png\u00bb _builder_version=\u00bb3.15&#8243; title_font=\u00bb|600|||||||\u00bb title_font_size=\u00bb31px\u00bb title_letter_spacing=\u00bb5px\u00bb title_text_shadow_style=\u00bbpreset1&#8243; content_font=\u00bb||||||||\u00bb subhead_font=\u00bb||||||||\u00bb background_image=\u00bbhttps:\/\/www.marisolredondo.com\/wp-content\/uploads\/2018\/09\/Marisol-Redondo-Volver-RICHTERTANGO-Suiza-2017.jpg\u00bb custom_css_logo=\u00bbmargin-bottom:25px;\u00bb background_position=\u00bbcenter_left\u00bb button_one_text_size__hover_enabled=\u00bboff\u00bb button_one_text_size__hover=\u00bbnull\u00bb button_two_text_size__hover_enabled=\u00bboff\u00bb button_two_text_size__hover=\u00bbnull\u00bb button_one_text_color__hover_enabled=\u00bboff\u00bb button_one_text_color__hover=\u00bbnull\u00bb button_two_text_color__hover_enabled=\u00bboff\u00bb button_two_text_color__hover=\u00bbnull\u00bb button_one_border_width__hover_enabled=\u00bboff\u00bb button_one_border_width__hover=\u00bbnull\u00bb button_two_border_width__hover_enabled=\u00bboff\u00bb button_two_border_width__hover=\u00bbnull\u00bb button_one_border_color__hover_enabled=\u00bboff\u00bb button_one_border_color__hover=\u00bbnull\u00bb button_two_border_color__hover_enabled=\u00bboff\u00bb button_two_border_color__hover=\u00bbnull\u00bb button_one_border_radius__hover_enabled=\u00bboff\u00bb button_one_border_radius__hover=\u00bbnull\u00bb button_two_border_radius__hover_enabled=\u00bboff\u00bb button_two_border_radius__hover=\u00bbnull\u00bb button_one_letter_spacing__hover_enabled=\u00bboff\u00bb button_one_letter_spacing__hover=\u00bbnull\u00bb button_two_letter_spacing__hover_enabled=\u00bboff\u00bb button_two_letter_spacing__hover=\u00bbnull\u00bb button_one_bg_color__hover_enabled=\u00bboff\u00bb button_one_bg_color__hover=\u00bbnull\u00bb button_two_bg_color__hover_enabled=\u00bboff\u00bb button_two_bg_color__hover=\u00bbnull\u00bb]<\/p>\n<hr class=\"underline-style\" \/>\n<p>[\/et_pb_fullwidth_header][\/et_pb_section][et_pb_section bb_built=\u00bb1&#8243; _builder_version=\u00bb3.11.1&#8243; prev_background_color=\u00bb#000000&#8243; next_background_color=\u00bb#0f1626&#8243;][et_pb_row make_equal=\u00bbon\u00bb custom_css_main_1=\u00bb    box-shadow: 0px 2px 18px 0px rgba(0,0,0,0.07);\u00bb custom_css_main_2=\u00bb    box-shadow: 0px 2px 18px 0px rgba(0,0,0,0.07);\u00bb custom_css_main_3=\u00bb    box-shadow: 0px 2px 18px 0px rgba(0,0,0,0.07);\u00bb module_class=\u00bbMR-press-releases\u00bb _builder_version=\u00bb3.15&#8243;][et_pb_column type=\u00bb1_2&#8243;][et_pb_testimonial author=\u00bbVollksblatt Liechtenstein\u00bb job_title=\u00bb5.09.2018&#8243; quote_icon_color=\u00bbrgba(255,83,61,0.21)\u00bb quote_icon_background_color=\u00bbrgba(245,245,245,0)\u00bb _builder_version=\u00bb3.15&#8243; background_color=\u00bbrgba(15,22,38,0)\u00bb text_orientation=\u00bbcenter\u00bb]<\/p>\n<p>\u201cPeter-Keiser Saal: El concierto de Tango encant\u00f3<br \/>\nEschen: La popular cantante de Tango Marisol Redondo, conocida en Europa y en Sudam\u00e9rica, visit\u00f3 el lunes el Conservatorio de M\u00fasica. Adem\u00e1s de la voz de Redondo, convencieron los tres m\u00fasicos, que con ella nos llevaron en un bar de Buenos Aires a un viaje por la historia del Tango.<br \/>\n\u201d<\/p>\n<p>[\/et_pb_testimonial][\/et_pb_column][et_pb_column type=\u00bb1_2&#8243;][et_pb_testimonial author=\u00bbLiechtensteiner Vaterland\u00bb job_title=\u00bb5.09.2018&#8243; quote_icon_color=\u00bbrgba(255,83,61,0.21)\u00bb quote_icon_background_color=\u00bbrgba(245,245,245,0)\u00bb _builder_version=\u00bb3.15&#8243; background_color=\u00bbrgba(15,22,38,0)\u00bb text_orientation=\u00bbcenter\u00bb]<\/p>\n<p>\u201cPura emoci\u00f3n con Marisol Redondo y su cuarteto.<br \/>\n\u00c9xito: Desde los or\u00edgenes del Tango, pasando por las Milongas cl\u00e1sicas y hasta llegar al Tango Nuevo, la atractiva cantante llev\u00f3 al p\u00fablico de Eschen a un viaje por la historia de su pasi\u00f3n por el canto. Todo el p\u00fablico puesto de pie le agradeci\u00f3 con su aplauso al finalizar el concierto.<br \/>\n\u201d<\/p>\n<p>[\/et_pb_testimonial][\/et_pb_column][\/et_pb_row][et_pb_row custom_padding=\u00bb27px|0px|49px|0px|false|false\u00bb make_equal=\u00bbon\u00bb custom_css_main_1=\u00bb    box-shadow: 0px 2px 18px 0px rgba(0,0,0,0.07);\u00bb custom_css_main_2=\u00bb    box-shadow: 0px 2px 18px 0px rgba(0,0,0,0.07);\u00bb custom_css_main_3=\u00bb    box-shadow: 0px 2px 18px 0px rgba(0,0,0,0.07);\u00bb module_class=\u00bbMR-press-releases\u00bb _builder_version=\u00bb3.15&#8243;][et_pb_column type=\u00bb1_2&#8243;][et_pb_testimonial author=\u00bbHannoversche Allgemeine Zeitung (Alemania)\u00bb job_title=\u00bbAlemania\u00bb quote_icon_color=\u00bbrgba(255,83,61,0.21)\u00bb quote_icon_background_color=\u00bbrgba(245,245,245,0)\u00bb _builder_version=\u00bb3.15&#8243; background_color=\u00bbrgba(15,22,38,0)\u00bb text_orientation=\u00bbcenter\u00bb]<\/p>\n<p>\u00abMarisol Redondo, cuando canta nos transporta al pa\u00eds de la canci\u00f3n que interpreta. Captura el \u00ab peque\u00f1o \u00bb arte de las \u00ab grandes \u00bb emociones de Sudam\u00e9rica y Espa\u00f1a con una espont\u00e1nea selecci\u00f3n de canciones populares.\u00bb<\/p>\n<p>[\/et_pb_testimonial][\/et_pb_column][et_pb_column type=\u00bb1_2&#8243;][et_pb_testimonial author=\u00bbLa Vanguardia\u00bb job_title=\u00bbEspa\u00f1a\u00bb quote_icon_color=\u00bbrgba(255,83,61,0.21)\u00bb quote_icon_background_color=\u00bbrgba(245,245,245,0)\u00bb _builder_version=\u00bb3.15&#8243; background_color=\u00bbrgba(15,22,38,0)\u00bb text_orientation=\u00bbcenter\u00bb]<\/p>\n<p>\u00abSu concierto en el Poliorama fue una muestra brillante de voz, t\u00e9cnica vocal, interpretaci\u00f3n, musicalidad y habilidad art\u00edstica en todos los aspectos\u00bb.<\/p>\n<p>[\/et_pb_testimonial][\/et_pb_column][\/et_pb_row][et_pb_row custom_padding=\u00bb27px|0px|49px|0px|false|false\u00bb make_equal=\u00bbon\u00bb custom_css_main_1=\u00bb    box-shadow: 0px 2px 18px 0px rgba(0,0,0,0.07);\u00bb custom_css_main_2=\u00bb    box-shadow: 0px 2px 18px 0px rgba(0,0,0,0.07);\u00bb custom_css_main_3=\u00bb    box-shadow: 0px 2px 18px 0px rgba(0,0,0,0.07);\u00bb module_class=\u00bbMR-press-releases\u00bb _builder_version=\u00bb3.15&#8243;][et_pb_column type=\u00bb1_2&#8243;][et_pb_testimonial author=\u00bbKanapee.de, Hannover (Alemania)\u00bb job_title=\u00bbAlemania\u00bb quote_icon_color=\u00bbrgba(255,83,61,0.21)\u00bb quote_icon_background_color=\u00bbrgba(245,245,245,0)\u00bb _builder_version=\u00bb3.15&#8243; body_font=\u00bb||||||||\u00bb body_text_align=\u00bbcenter\u00bb background_color=\u00bbrgba(15,22,38,0)\u00bb text_orientation=\u00bbcenter\u00bb]<\/p>\n<p>\u00abLa intensidad, el temperamento, el encanto personal y especialmente la cautivadora voz de Marisol Redondo convierten las canciones de Am\u00e9rica del Sur, Catalu\u00f1a, Galicia y el Pa\u00eds Vasco una experiencia \u00fanica, en algo para recordar. \u00bb<\/p>\n<p>[\/et_pb_testimonial][\/et_pb_column][et_pb_column type=\u00bb1_2&#8243;][et_pb_testimonial author=\u00bbHannover Peri\u00f3dico semanal\u00bb job_title=\u00bbAlemania\u00bb quote_icon_color=\u00bbrgba(255,83,61,0.21)\u00bb quote_icon_background_color=\u00bbrgba(245,245,245,0)\u00bb _builder_version=\u00bb3.15&#8243; background_color=\u00bbrgba(15,22,38,0)\u00bb text_orientation=\u00bbcenter\u00bb]<\/p>\n<p>\u00abNo solo cosecha aplausos, sino tambi\u00e9n admiraci\u00f3n [&#8230;] porque: desprende energ\u00eda con su voz, tiene un gran sentido musical, temperamento, sentimiento, toca muy bien la guitarra &#8230;\u00bb<\/p>\n<p>[\/et_pb_testimonial][\/et_pb_column][\/et_pb_row][\/et_pb_section][et_pb_section bb_built=\u00bb1&#8243; admin_label=\u00bbFollow Along\u00bb disabled_on=\u00bboff|off|off\u00bb _builder_version=\u00bb3.11.1&#8243; background_color=\u00bb#0f1626&#8243; background_position=\u00bbcenter_right\u00bb custom_padding=\u00bb0||0||false|false\u00bb top_divider_height=\u00bb43px\u00bb saved_tabs=\u00bball\u00bb prev_background_color=\u00bb#ffffff\u00bb global_module=\u00bb33206&#8243;][et_pb_row global_parent=\u00bb33206&#8243; make_fullwidth=\u00bbon\u00bb custom_padding=\u00bb76px|0px|27px|0px|false|false\u00bb custom_margin=\u00bb0px|||\u00bb _builder_version=\u00bb3.2.1&#8243;][et_pb_column type=\u00bb1_3&#8243;][\/et_pb_column][et_pb_column type=\u00bb1_3&#8243;][et_pb_text global_parent=\u00bb33206&#8243; _builder_version=\u00bb3.15&#8243; header_font=\u00bb||||||||\u00bb header_2_font=\u00bb|600|||||||\u00bb header_2_text_align=\u00bbcenter\u00bb header_2_text_color=\u00bb#f5f5f5&#8243; custom_margin=\u00bb||0px|\u00bb]<\/p>\n<h2>Mantenerse al d\u00eda<\/h2>\n<p>[\/et_pb_text][et_pb_divider global_parent=\u00bb33206&#8243; color=\u00bb#ff533d\u00bb divider_weight=\u00bb6px\u00bb height=\u00bb0px\u00bb _builder_version=\u00bb3.15&#8243; max_width=\u00bb10%\u00bb module_alignment=\u00bbcenter\u00bb custom_margin=\u00bb||17px|\u00bb \/][et_pb_signup global_parent=\u00bb33206&#8243; mailchimp_list=\u00bbmarisolredondo|a06e5e1c02&#8243; mailchimp_account_name=\u00bbmarisolredondo\u00bb mailchimp_api_key=\u00bbbeb92e33eb7aaaf3c2cd92ecaa9f9be9-us19&#8243; first_name_field=\u00bboff\u00bb last_name_field=\u00bboff\u00bb form_field_background_color=\u00bb#ffffff\u00bb form_field_text_color=\u00bb#929292&#8243; focus_background_color=\u00bb#000000&#8243; _builder_version=\u00bb3.15&#8243; header_font=\u00bb|700|||||||\u00bb header_text_align=\u00bbcenter\u00bb header_text_color=\u00bb#ffffff\u00bb header_font_size=\u00bb50px\u00bb header_font_size_phone=\u00bb40px\u00bb header_font_size_last_edited=\u00bbon|phone\u00bb header_line_height=\u00bb1.5em\u00bb body_font=\u00bb||||||||\u00bb body_text_color=\u00bbrgba(255,255,255,0.75)\u00bb body_font_size=\u00bb17px\u00bb body_line_height=\u00bb2em\u00bb result_message_font=\u00bbNoto Sans||||||||\u00bb result_message_font_size=\u00bb17px\u00bb use_background_color=\u00bboff\u00bb border_radii_fields=\u00bbon|10px|10px|10px|10px\u00bb border_color_all_fields=\u00bb#ffffff\u00bb box_shadow_style_fields=\u00bbpreset1&#8243; box_shadow_vertical_fields=\u00bb52px\u00bb box_shadow_blur_fields=\u00bb80px\u00bb text_orientation=\u00bbcenter\u00bb background_layout=\u00bblight\u00bb module_alignment=\u00bbcenter\u00bb custom_margin=\u00bb|||\u00bb custom_padding=\u00bb|||\u00bb animation_style=\u00bbfade\u00bb button_text_size__hover_enabled=\u00bboff\u00bb button_text_size__hover=\u00bbnull\u00bb button_one_text_size__hover_enabled=\u00bboff\u00bb button_one_text_size__hover=\u00bbnull\u00bb button_two_text_size__hover_enabled=\u00bboff\u00bb button_two_text_size__hover=\u00bbnull\u00bb button_text_color__hover_enabled=\u00bboff\u00bb button_text_color__hover=\u00bbnull\u00bb button_one_text_color__hover_enabled=\u00bboff\u00bb button_one_text_color__hover=\u00bbnull\u00bb button_two_text_color__hover_enabled=\u00bboff\u00bb button_two_text_color__hover=\u00bbnull\u00bb button_border_width__hover_enabled=\u00bboff\u00bb button_border_width__hover=\u00bbnull\u00bb button_one_border_width__hover_enabled=\u00bboff\u00bb button_one_border_width__hover=\u00bbnull\u00bb button_two_border_width__hover_enabled=\u00bboff\u00bb button_two_border_width__hover=\u00bbnull\u00bb button_border_color__hover_enabled=\u00bboff\u00bb button_border_color__hover=\u00bbnull\u00bb button_one_border_color__hover_enabled=\u00bboff\u00bb button_one_border_color__hover=\u00bbnull\u00bb button_two_border_color__hover_enabled=\u00bboff\u00bb button_two_border_color__hover=\u00bbnull\u00bb button_border_radius__hover_enabled=\u00bboff\u00bb button_border_radius__hover=\u00bbnull\u00bb button_one_border_radius__hover_enabled=\u00bboff\u00bb button_one_border_radius__hover=\u00bbnull\u00bb button_two_border_radius__hover_enabled=\u00bboff\u00bb button_two_border_radius__hover=\u00bbnull\u00bb button_letter_spacing__hover_enabled=\u00bboff\u00bb button_letter_spacing__hover=\u00bbnull\u00bb button_one_letter_spacing__hover_enabled=\u00bboff\u00bb button_one_letter_spacing__hover=\u00bbnull\u00bb button_two_letter_spacing__hover_enabled=\u00bboff\u00bb button_two_letter_spacing__hover=\u00bbnull\u00bb button_bg_color__hover_enabled=\u00bboff\u00bb button_bg_color__hover=\u00bbnull\u00bb button_one_bg_color__hover_enabled=\u00bboff\u00bb button_one_bg_color__hover=\u00bbnull\u00bb button_two_bg_color__hover_enabled=\u00bboff\u00bb button_two_bg_color__hover=\u00bbnull\u00bb]Lorem ipsum dolor sit amet, consectetur adipiscing elit, sed do eiusmod tempor incididunt ut labore et dolore magna aliqua. Ut enim ad minim veniam.[\/et_pb_signup][et_pb_image global_parent=\u00bb33206&#8243; src=\u00bbhttps:\/\/www.marisolredondo.com\/wp-content\/uploads\/2018\/08\/logo-1.png\u00bb align=\u00bbcenter\u00bb _builder_version=\u00bb3.15&#8243; custom_margin=\u00bb||0px|\u00bb \/][et_pb_social_media_follow global_parent=\u00bb33206&#8243; _builder_version=\u00bb3.15&#8243; border_radii=\u00bbon|100%|100%|100%|100%\u00bb text_orientation=\u00bbcenter\u00bb background_layout=\u00bbdark\u00bb module_alignment=\u00bbright\u00bb custom_margin=\u00bb|||\u00bb animation_style=\u00bbslide\u00bb animation_direction=\u00bbtop\u00bb][et_pb_social_media_follow_network social_network=\u00bbfacebook\u00bb url=\u00bbhttps:\/\/www.facebook.com\/marisol.redondo.77920&#8243; _builder_version=\u00bb3.15&#8243; background_color=\u00bb#3b5998&#8243; follow_button=\u00bboff\u00bb url_new_window=\u00bbon\u00bb]facebook[\/et_pb_social_media_follow_network][et_pb_social_media_follow_network social_network=\u00bbinstagram\u00bb url=\u00bbhttps:\/\/www.instagram.com\/redondo.marisol\/\u00bb _builder_version=\u00bb3.15&#8243; background_color=\u00bb#ea2c59&#8243; follow_button=\u00bboff\u00bb url_new_window=\u00bbon\u00bb]instagram[\/et_pb_social_media_follow_network][\/et_pb_social_media_follow][\/et_pb_column][et_pb_column type=\u00bb1_3&#8243;][\/et_pb_column][\/et_pb_row][\/et_pb_section]<\/p>\n","protected":false},"excerpt":{"rendered":"<p>\u201cPeter-Keiser Saal: El concierto de Tango encant\u00f3 Eschen: La popular cantante de Tango Marisol Redondo, conocida en Europa y en Sudam\u00e9rica, visit\u00f3 el lunes el Conservatorio de M\u00fasica. Adem\u00e1s de la voz de Redondo, convencieron los tres m\u00fasicos, que con ella nos llevaron en un bar de Buenos Aires a un viaje por la historia [&hellip;]<\/p>\n","protected":false},"author":1,"featured_media":0,"parent":0,"menu_order":0,"comment_status":"closed","ping_status":"closed","template":"","meta":{"_et_pb_use_builder":"on","_et_pb_old_content":"","_et_gb_content_width":"","footnotes":""},"yoast_head":"<!-- This site is optimized with the Yoast SEO plugin v21.2 - https:\/\/yoast.com\/wordpress\/plugins\/seo\/ -->\n<title>Marisol Redondo | Notas de Prensa<\/title>\n<meta name=\"description\" content=\"Notas De Prensa\" \/>\n<meta name=\"robots\" content=\"index, follow, max-snippet:-1, max-image-preview:large, max-video-preview:-1\" \/>\n<link rel=\"canonical\" href=\"https:\/\/www.marisolredondo.com\/es\/notas-de-prensa\/\" \/>\n<meta property=\"og:locale\" content=\"es_ES\" \/>\n<meta property=\"og:type\" content=\"article\" \/>\n<meta property=\"og:title\" content=\"Marisol Redondo | Notas de Prensa\" \/>\n<meta property=\"og:description\" content=\"Notas De Prensa\" \/>\n<meta property=\"og:url\" content=\"https:\/\/www.marisolredondo.com\/es\/notas-de-prensa\/\" \/>\n<meta property=\"og:site_name\" content=\"Marisol Redondo- Singer\" \/>\n<meta property=\"article:modified_time\" content=\"2019-07-14T12:19:57+00:00\" \/>\n<meta name=\"twitter:card\" content=\"summary_large_image\" \/>\n<meta name=\"twitter:label1\" content=\"Tiempo de lectura\" \/>\n\t<meta name=\"twitter:data1\" content=\"8 minutos\" \/>\n<script type=\"application\/ld+json\" class=\"yoast-schema-graph\">{\"@context\":\"https:\/\/schema.org\",\"@graph\":[{\"@type\":\"WebPage\",\"@id\":\"https:\/\/www.marisolredondo.com\/es\/notas-de-prensa\/\",\"url\":\"https:\/\/www.marisolredondo.com\/es\/notas-de-prensa\/\",\"name\":\"Marisol Redondo | Notas de Prensa\",\"isPartOf\":{\"@id\":\"https:\/\/www.marisolredondo.com\/#website\"},\"datePublished\":\"2018-10-01T04:56:24+00:00\",\"dateModified\":\"2019-07-14T12:19:57+00:00\",\"description\":\"Notas De Prensa\",\"breadcrumb\":{\"@id\":\"https:\/\/www.marisolredondo.com\/es\/notas-de-prensa\/#breadcrumb\"},\"inLanguage\":\"es\",\"potentialAction\":[{\"@type\":\"ReadAction\",\"target\":[\"https:\/\/www.marisolredondo.com\/es\/notas-de-prensa\/\"]}]},{\"@type\":\"BreadcrumbList\",\"@id\":\"https:\/\/www.marisolredondo.com\/es\/notas-de-prensa\/#breadcrumb\",\"itemListElement\":[{\"@type\":\"ListItem\",\"position\":1,\"name\":\"Home\",\"item\":\"https:\/\/www.marisolredondo.com\/\"},{\"@type\":\"ListItem\",\"position\":2,\"name\":\"Notas De Prensa\"}]},{\"@type\":\"WebSite\",\"@id\":\"https:\/\/www.marisolredondo.com\/#website\",\"url\":\"https:\/\/www.marisolredondo.com\/\",\"name\":\"Marisol Redondo\",\"description\":\"\",\"publisher\":{\"@id\":\"https:\/\/www.marisolredondo.com\/#\/schema\/person\/a7f4167392c64b100109903e48fe3898\"},\"potentialAction\":[{\"@type\":\"SearchAction\",\"target\":{\"@type\":\"EntryPoint\",\"urlTemplate\":\"https:\/\/www.marisolredondo.com\/?s={search_term_string}\"},\"query-input\":\"required name=search_term_string\"}],\"inLanguage\":\"es\"},{\"@type\":[\"Person\",\"Organization\"],\"@id\":\"https:\/\/www.marisolredondo.com\/#\/schema\/person\/a7f4167392c64b100109903e48fe3898\",\"name\":\"mredondo\",\"image\":{\"@type\":\"ImageObject\",\"inLanguage\":\"es\",\"@id\":\"https:\/\/www.marisolredondo.com\/#\/schema\/person\/image\/\",\"url\":\"https:\/\/secure.gravatar.com\/avatar\/0017f9752f1432e3e718b813e3e35442?s=96&d=mm&r=g\",\"contentUrl\":\"https:\/\/secure.gravatar.com\/avatar\/0017f9752f1432e3e718b813e3e35442?s=96&d=mm&r=g\",\"caption\":\"mredondo\"},\"logo\":{\"@id\":\"https:\/\/www.marisolredondo.com\/#\/schema\/person\/image\/\"}}]}<\/script>\n<!-- \/ Yoast SEO plugin. -->","yoast_head_json":{"title":"Marisol Redondo | Notas de Prensa","description":"Notas De Prensa","robots":{"index":"index","follow":"follow","max-snippet":"max-snippet:-1","max-image-preview":"max-image-preview:large","max-video-preview":"max-video-preview:-1"},"canonical":"https:\/\/www.marisolredondo.com\/es\/notas-de-prensa\/","og_locale":"es_ES","og_type":"article","og_title":"Marisol Redondo | Notas de Prensa","og_description":"Notas De Prensa","og_url":"https:\/\/www.marisolredondo.com\/es\/notas-de-prensa\/","og_site_name":"Marisol Redondo- Singer","article_modified_time":"2019-07-14T12:19:57+00:00","twitter_card":"summary_large_image","twitter_misc":{"Tiempo de lectura":"8 minutos"},"schema":{"@context":"https:\/\/schema.org","@graph":[{"@type":"WebPage","@id":"https:\/\/www.marisolredondo.com\/es\/notas-de-prensa\/","url":"https:\/\/www.marisolredondo.com\/es\/notas-de-prensa\/","name":"Marisol Redondo | Notas de Prensa","isPartOf":{"@id":"https:\/\/www.marisolredondo.com\/#website"},"datePublished":"2018-10-01T04:56:24+00:00","dateModified":"2019-07-14T12:19:57+00:00","description":"Notas De Prensa","breadcrumb":{"@id":"https:\/\/www.marisolredondo.com\/es\/notas-de-prensa\/#breadcrumb"},"inLanguage":"es","potentialAction":[{"@type":"ReadAction","target":["https:\/\/www.marisolredondo.com\/es\/notas-de-prensa\/"]}]},{"@type":"BreadcrumbList","@id":"https:\/\/www.marisolredondo.com\/es\/notas-de-prensa\/#breadcrumb","itemListElement":[{"@type":"ListItem","position":1,"name":"Home","item":"https:\/\/www.marisolredondo.com\/"},{"@type":"ListItem","position":2,"name":"Notas De Prensa"}]},{"@type":"WebSite","@id":"https:\/\/www.marisolredondo.com\/#website","url":"https:\/\/www.marisolredondo.com\/","name":"Marisol Redondo","description":"","publisher":{"@id":"https:\/\/www.marisolredondo.com\/#\/schema\/person\/a7f4167392c64b100109903e48fe3898"},"potentialAction":[{"@type":"SearchAction","target":{"@type":"EntryPoint","urlTemplate":"https:\/\/www.marisolredondo.com\/?s={search_term_string}"},"query-input":"required name=search_term_string"}],"inLanguage":"es"},{"@type":["Person","Organization"],"@id":"https:\/\/www.marisolredondo.com\/#\/schema\/person\/a7f4167392c64b100109903e48fe3898","name":"mredondo","image":{"@type":"ImageObject","inLanguage":"es","@id":"https:\/\/www.marisolredondo.com\/#\/schema\/person\/image\/","url":"https:\/\/secure.gravatar.com\/avatar\/0017f9752f1432e3e718b813e3e35442?s=96&d=mm&r=g","contentUrl":"https:\/\/secure.gravatar.com\/avatar\/0017f9752f1432e3e718b813e3e35442?s=96&d=mm&r=g","caption":"mredondo"},"logo":{"@id":"https:\/\/www.marisolredondo.com\/#\/schema\/person\/image\/"}}]}},"_links":{"self":[{"href":"https:\/\/www.marisolredondo.com\/es\/wp-json\/wp\/v2\/pages\/33787"}],"collection":[{"href":"https:\/\/www.marisolredondo.com\/es\/wp-json\/wp\/v2\/pages"}],"about":[{"href":"https:\/\/www.marisolredondo.com\/es\/wp-json\/wp\/v2\/types\/page"}],"author":[{"embeddable":true,"href":"https:\/\/www.marisolredondo.com\/es\/wp-json\/wp\/v2\/users\/1"}],"replies":[{"embeddable":true,"href":"https:\/\/www.marisolredondo.com\/es\/wp-json\/wp\/v2\/comments?post=33787"}],"version-history":[{"count":0,"href":"https:\/\/www.marisolredondo.com\/es\/wp-json\/wp\/v2\/pages\/33787\/revisions"}],"wp:attachment":[{"href":"https:\/\/www.marisolredondo.com\/es\/wp-json\/wp\/v2\/media?parent=33787"}],"curies":[{"name":"wp","href":"https:\/\/api.w.org\/{rel}","templated":true}]}}