{"id":33633,"date":"2018-09-30T20:49:02","date_gmt":"2018-09-30T20:49:02","guid":{"rendered":"https:\/\/www.marisolredondo.com\/inicio\/"},"modified":"2025-10-24T07:14:03","modified_gmt":"2025-10-24T07:14:03","slug":"inicio","status":"publish","type":"page","link":"https:\/\/www.marisolredondo.com\/es\/","title":{"rendered":"Inicio"},"content":{"rendered":"<p>[et_pb_section fb_built=\u00bb1&#8243; fullwidth=\u00bbon\u00bb _builder_version=\u00bb4.16&#8243; global_colors_info=\u00bb{}\u00bb][et_pb_fullwidth_header text_orientation=\u00bbcenter\u00bb header_fullscreen=\u00bbon\u00bb header_scroll_down=\u00bbon\u00bb scroll_down_icon_color=\u00bb#ffffff\u00bb scroll_down_icon_size=\u00bb34px\u00bb logo_image_url=\u00bbhttps:\/\/www.marisolredondo.com\/wp-content\/uploads\/2018\/08\/logo-large.png\u00bb _builder_version=\u00bb4.16&#8243; title_font=\u00bb|600|||||||\u00bb title_font_size=\u00bb31px\u00bb title_letter_spacing=\u00bb5px\u00bb content_font=\u00bb||||||||\u00bb subhead_font=\u00bb||||||||\u00bb background_image=\u00bbhttps:\/\/www.marisolredondo.com\/wp-content\/uploads\/2018\/08\/5144bae349.jpg\u00bb custom_css_logo=\u00bbmargin-bottom:25px;\u00bb title_text_shadow_style=\u00bbpreset1&#8243; global_colors_info=\u00bb{}\u00bb button_one_text_size__hover_enabled=\u00bboff\u00bb button_two_text_size__hover_enabled=\u00bboff\u00bb button_one_text_color__hover_enabled=\u00bboff\u00bb button_two_text_color__hover_enabled=\u00bboff\u00bb button_one_border_width__hover_enabled=\u00bboff\u00bb button_two_border_width__hover_enabled=\u00bboff\u00bb button_one_border_color__hover_enabled=\u00bboff\u00bb button_two_border_color__hover_enabled=\u00bboff\u00bb button_one_border_radius__hover_enabled=\u00bboff\u00bb button_two_border_radius__hover_enabled=\u00bboff\u00bb button_one_letter_spacing__hover_enabled=\u00bboff\u00bb button_two_letter_spacing__hover_enabled=\u00bboff\u00bb button_one_bg_color__hover_enabled=\u00bboff\u00bb button_two_bg_color__hover_enabled=\u00bboff\u00bb]<\/p>\n<hr class=\"underline-style\" \/>\n[\/et_pb_fullwidth_header][\/et_pb_section][et_pb_section fb_built=\u00bb1&#8243; module_id=\u00bbMR-audio\u00bb _builder_version=\u00bb4.16&#8243; background_color=\u00bb#0f1626&#8243; custom_padding=\u00bb10px||45px||false|false\u00bb global_colors_info=\u00bb{}\u00bb][et_pb_row _builder_version=\u00bb4.9.7&#8243; min_height=\u00bb33px\u00bb custom_margin=\u00bb|auto||228px||\u00bb custom_padding=\u00bb40px||0px|\u00bb global_module=\u00bb33961&#8243; saved_tabs=\u00bball\u00bb global_colors_info=\u00bb{}\u00bb][et_pb_column type=\u00bb4_4&#8243; _builder_version=\u00bb4.16&#8243; custom_padding=\u00bb|||\u00bb global_colors_info=\u00bb{}\u00bb custom_padding__hover=\u00bb|||\u00bb][et_pb_text admin_label=\u00bbText\u00bb _builder_version=\u00bb4.16&#8243; text_font=\u00bb|600|||||||\u00bb text_text_color=\u00bb#ff533d\u00bb text_font_size=\u00bb20px\u00bb global_colors_info=\u00bb{}\u00bb][\/et_pb_text][\/et_pb_column][\/et_pb_row][et_pb_row column_structure=\u00bb1_2,1_2&#8243; _builder_version=\u00bb4.16&#8243; min_height=\u00bb250px\u00bb custom_margin=\u00bb||\u00bb custom_padding=\u00bb10px||87px||false|false\u00bb hover_enabled=\u00bb0&#8243; global_colors_info=\u00bb{}\u00bb sticky_enabled=\u00bb0&#8243;][et_pb_column type=\u00bb1_2&#8243; _builder_version=\u00bb4.16&#8243; global_colors_info=\u00bb{}\u00bb][et_pb_image src=\u00bbhttps:\/\/www.marisolredondo.com\/wp-content\/uploads\/2025\/10\/cuba-y-uruguay-221125-eventfrog-SXEMY23R.webp\u00bb title_text=\u00bbcuba-y-uruguay-221125-eventfrog-SXEMY23R\u00bb _builder_version=\u00bb4.22.1&#8243; _module_preset=\u00bbdefault\u00bb min_height=\u00bb405px\u00bb custom_margin=\u00bb||1px|2px|false|false\u00bb custom_padding=\u00bb|2px|19px|0px||\u00bb hover_enabled=\u00bb0&#8243; global_colors_info=\u00bb{}\u00bb sticky_enabled=\u00bb0&#8243; width=\u00bb100%\u00bb][\/et_pb_image][\/et_pb_column][et_pb_column type=\u00bb1_2&#8243; _builder_version=\u00bb4.16&#8243; _module_preset=\u00bbdefault\u00bb global_colors_info=\u00bb{}\u00bb][et_pb_text _builder_version=\u00bb4.22.0&#8243; text_font=\u00bb|600|||on||||\u00bb text_text_color=\u00bb#f5f5f5&#8243; text_font_size=\u00bb23px\u00bb text_letter_spacing=\u00bb1px\u00bb text_orientation=\u00bbcenter\u00bb custom_margin=\u00bb||5px|\u00bb global_colors_info=\u00bb{}\u00bb]<\/p>\n<p>NOVEDADES<\/p>\n<p>[\/et_pb_text][et_pb_text _builder_version=\u00bb4.22.1&#8243; text_text_color=\u00bb#f5f5f5&#8243; header_4_font=\u00bb|600|||||||\u00bb header_4_text_color=\u00bb#f5f5f5&#8243; header_4_line_height=\u00bb1.3em\u00bb text_orientation=\u00bbcenter\u00bb width=\u00bb96.4%\u00bb min_height=\u00bb170.8px\u00bb custom_margin=\u00bb||\u00bb custom_padding=\u00bb|||50px||\u00bb link_option_url=\u00bbhttps:\/\/marisolredondo.hearnow.com\/a-la-deriva\u00bb link_option_url_new_window=\u00bbon\u00bb hover_enabled=\u00bb0&#8243; header_4_font_size_tablet=\u00bb\u00bb header_4_font_size_phone=\u00bb\u00bb header_4_font_size_last_edited=\u00bbon|tablet\u00bb global_colors_info=\u00bb{}\u00bb background__hover_enabled=\u00bbon|desktop\u00bb sticky_enabled=\u00bb0&#8243;]<\/p>\n<h4>Marisol canta en el Theater Stok, Zurich el 22 de noviembre!<\/h4>\n<h4>Entradas a la venta <a href=\"https:\/\/eventfrog.ch\/en\/p\/concert\/other-music-genres\/cuba-y-uruguay-nuestra-musica-y-sus-raices-africanas-7357449937712324941.html\"><span style=\"color: #3366ff;\"><span style=\"color: #000000;\"><span style=\"color: #33cccc;\">aqu\u00ed<\/span><\/span><\/span><\/a><span style=\"color: #ffffff;\">.<\/span><\/h4>\n<p>[\/et_pb_text][\/et_pb_column][\/et_pb_row][\/et_pb_section][et_pb_section fb_built=\u00bb1&#8243; _builder_version=\u00bb4.16&#8243; custom_padding=\u00bb35px|0px|50.0208px|0px|false|false\u00bb global_colors_info=\u00bb{}\u00bb][et_pb_row column_structure=\u00bb1_2,1_2&#8243; _builder_version=\u00bb4.16&#8243; custom_padding=\u00bb|||\u00bb global_colors_info=\u00bb{}\u00bb][et_pb_column type=\u00bb1_2&#8243; _builder_version=\u00bb4.16&#8243; custom_padding=\u00bb|||\u00bb global_colors_info=\u00bb{}\u00bb custom_padding__hover=\u00bb|||\u00bb][et_pb_image src=\u00bbhttps:\/\/www.marisolredondo.com\/wp-content\/uploads\/2018\/08\/image-1.png\u00bb align=\u00bbcenter\u00bb align_tablet=\u00bbcenter\u00bb align_phone=\u00bb\u00bb align_last_edited=\u00bbon|desktop\u00bb _builder_version=\u00bb4.16&#8243; custom_margin=\u00bb|||\u00bb animation_style=\u00bbslide\u00bb animation_direction=\u00bbbottom\u00bb animation_intensity_slide=\u00bb2%\u00bb border_radii=\u00bbon|3px|3px|3px|3px\u00bb border_width_all=\u00bb8px\u00bb border_color_all=\u00bb#ffffff\u00bb box_shadow_style=\u00bbpreset1&#8243; box_shadow_color=\u00bbrgba(0,36,73,0.47)\u00bb global_colors_info=\u00bb{}\u00bb][\/et_pb_image][\/et_pb_column][et_pb_column type=\u00bb1_2&#8243; _builder_version=\u00bb4.16&#8243; custom_padding=\u00bb|||\u00bb global_colors_info=\u00bb{}\u00bb custom_padding__hover=\u00bb|||\u00bb][et_pb_cta _builder_version=\u00bb4.16&#8243; header_font=\u00bb|700|||||||\u00bb header_text_color=\u00bb#0f1626&#8243; header_font_size=\u00bb44px\u00bb header_line_height=\u00bb1.5em\u00bb body_font=\u00bb||||||||\u00bb use_background_color=\u00bboff\u00bb text_orientation=\u00bbleft\u00bb background_layout=\u00bblight\u00bb custom_margin=\u00bb60px|||\u00bb header_font_size_tablet=\u00bb\u00bb header_font_size_phone=\u00bb34px\u00bb header_font_size_last_edited=\u00bbon|phone\u00bb global_colors_info=\u00bb{}\u00bb button_text_size__hover_enabled=\u00bboff\u00bb button_one_text_size__hover_enabled=\u00bboff\u00bb button_two_text_size__hover_enabled=\u00bboff\u00bb button_text_color__hover_enabled=\u00bboff\u00bb button_one_text_color__hover_enabled=\u00bboff\u00bb button_two_text_color__hover_enabled=\u00bboff\u00bb button_border_width__hover_enabled=\u00bboff\u00bb button_one_border_width__hover_enabled=\u00bboff\u00bb button_two_border_width__hover_enabled=\u00bboff\u00bb button_border_color__hover_enabled=\u00bboff\u00bb button_one_border_color__hover_enabled=\u00bboff\u00bb button_two_border_color__hover_enabled=\u00bboff\u00bb button_border_radius__hover_enabled=\u00bboff\u00bb button_one_border_radius__hover_enabled=\u00bboff\u00bb button_two_border_radius__hover_enabled=\u00bboff\u00bb button_letter_spacing__hover_enabled=\u00bboff\u00bb button_one_letter_spacing__hover_enabled=\u00bboff\u00bb button_two_letter_spacing__hover_enabled=\u00bboff\u00bb button_bg_color__hover_enabled=\u00bboff\u00bb button_one_bg_color__hover_enabled=\u00bboff\u00bb button_two_bg_color__hover_enabled=\u00bboff\u00bb]<\/p>\n<p><span class=\"MR-dropcap\">M<\/span><span class=\"MR-dropcap-rest\">ARISOL REDONDO<\/span> es una cantante uruguaya\/espa\u00f1ola\/suiza que lleva la m\u00fasica espa\u00f1ola, sudamericana, el Candombe y el Tango a muchos rincones de Europa desde Suiza, pa\u00eds en el que reside actualmente. Su carrera musical comenz\u00f3 cuando particip\u00f3 con su familia en el concurso \u201cCantando en Familia\u201d en Montevideo y grab\u00f3 su primer single. En Espa\u00f1a actu\u00f3 junto con sus hermanos durante varios a\u00f1os en Salas de Barcelona ofreciendo conciertos de m\u00fasica espa\u00f1ola y sudamericana para continuar m\u00e1s adelante su carrera en solitario.<\/p>\n<p>[\/et_pb_cta][et_pb_button button_url=\u00bbhttps:\/\/www.marisolredondo.com\/es\/biografia\/\u00bb button_text=\u00bbM\u00e1s acerca de Marisol\u00bb _builder_version=\u00bb4.16&#8243; global_colors_info=\u00bb{}\u00bb][\/et_pb_button][\/et_pb_column][\/et_pb_row][\/et_pb_section][et_pb_section fb_built=\u00bb1&#8243; module_id=\u00bbMR-audio\u00bb _builder_version=\u00bb4.16&#8243; background_color=\u00bb#0f1626&#8243; custom_padding=\u00bb10px||0px|\u00bb border_width_bottom=\u00bb1px\u00bb border_color_bottom=\u00bbrgba(245,245,245,0.2)\u00bb global_colors_info=\u00bb{}\u00bb][\/et_pb_section][et_pb_section fb_built=\u00bb1&#8243; disabled_on=\u00bboff|off|off\u00bb admin_label=\u00bbFollow Along\u00bb _builder_version=\u00bb3.11.1&#8243; background_color=\u00bb#0f1626&#8243; background_position=\u00bbcenter_right\u00bb custom_padding=\u00bb0||0||false|false\u00bb top_divider_height=\u00bb43px\u00bb global_module=\u00bb33206&#8243; saved_tabs=\u00bball\u00bb global_colors_info=\u00bb{}\u00bb][\/et_pb_section]<\/p>\n","protected":false},"excerpt":{"rendered":"<p>NOVEDADESMarisol canta en el Theater Stok, Zurich el 22 de noviembre! Entradas a la venta aqu\u00ed.MARISOL REDONDO es una cantante uruguaya\/espa\u00f1ola\/suiza que lleva la m\u00fasica espa\u00f1ola, sudamericana, el Candombe y el Tango a muchos rincones de Europa desde Suiza, pa\u00eds en el que reside actualmente. Su carrera musical comenz\u00f3 cuando particip\u00f3 con su familia en [&hellip;]<\/p>\n","protected":false},"author":1,"featured_media":0,"parent":0,"menu_order":0,"comment_status":"closed","ping_status":"closed","template":"","meta":{"_et_pb_use_builder":"on","_et_pb_old_content":"","_et_gb_content_width":"","footnotes":""},"yoast_head":"<!-- This site is optimized with the Yoast SEO plugin v21.2 - https:\/\/yoast.com\/wordpress\/plugins\/seo\/ -->\n<title>Marisol Redondo - Cantante<\/title>\n<meta name=\"robots\" content=\"index, follow, max-snippet:-1, max-image-preview:large, max-video-preview:-1\" \/>\n<link rel=\"canonical\" href=\"https:\/\/www.marisolredondo.com\/\" \/>\n<meta property=\"og:locale\" content=\"es_ES\" \/>\n<meta property=\"og:type\" content=\"article\" \/>\n<meta property=\"og:title\" content=\"Marisol Redondo - Cantante\" \/>\n<meta property=\"og:description\" content=\"NOVEDADESMarisol canta en el Theater Stok, Zurich el 22 de noviembre! Entradas a la venta aqu\u00ed.MARISOL REDONDO es una cantante uruguaya\/espa\u00f1ola\/suiza que lleva la m\u00fasica espa\u00f1ola, sudamericana, el Candombe y el Tango a muchos rincones de Europa desde Suiza, pa\u00eds en el que reside actualmente. Su carrera musical comenz\u00f3 cuando particip\u00f3 con su familia en [&hellip;]\" \/>\n<meta property=\"og:url\" content=\"https:\/\/www.marisolredondo.com\/\" \/>\n<meta property=\"og:site_name\" content=\"Marisol Redondo- Singer\" \/>\n<meta property=\"article:modified_time\" content=\"2025-10-24T07:14:03+00:00\" \/>\n<meta name=\"twitter:card\" content=\"summary_large_image\" \/>\n<meta name=\"twitter:label1\" content=\"Tiempo de lectura\" \/>\n\t<meta name=\"twitter:data1\" content=\"5 minutos\" \/>\n<script type=\"application\/ld+json\" class=\"yoast-schema-graph\">{\"@context\":\"https:\/\/schema.org\",\"@graph\":[{\"@type\":\"WebPage\",\"@id\":\"https:\/\/www.marisolredondo.com\/\",\"url\":\"https:\/\/www.marisolredondo.com\/\",\"name\":\"Marisol Redondo - Cantante\",\"isPartOf\":{\"@id\":\"https:\/\/www.marisolredondo.com\/#website\"},\"datePublished\":\"2018-09-30T20:49:02+00:00\",\"dateModified\":\"2025-10-24T07:14:03+00:00\",\"breadcrumb\":{\"@id\":\"https:\/\/www.marisolredondo.com\/#breadcrumb\"},\"inLanguage\":\"es\",\"potentialAction\":[{\"@type\":\"ReadAction\",\"target\":[\"https:\/\/www.marisolredondo.com\/\"]}]},{\"@type\":\"BreadcrumbList\",\"@id\":\"https:\/\/www.marisolredondo.com\/#breadcrumb\",\"itemListElement\":[{\"@type\":\"ListItem\",\"position\":1,\"name\":\"Home\",\"item\":\"https:\/\/www.marisolredondo.com\/\"},{\"@type\":\"ListItem\",\"position\":2,\"name\":\"Inicio\"}]},{\"@type\":\"WebSite\",\"@id\":\"https:\/\/www.marisolredondo.com\/#website\",\"url\":\"https:\/\/www.marisolredondo.com\/\",\"name\":\"Marisol Redondo\",\"description\":\"\",\"publisher\":{\"@id\":\"https:\/\/www.marisolredondo.com\/#\/schema\/person\/a7f4167392c64b100109903e48fe3898\"},\"potentialAction\":[{\"@type\":\"SearchAction\",\"target\":{\"@type\":\"EntryPoint\",\"urlTemplate\":\"https:\/\/www.marisolredondo.com\/?s={search_term_string}\"},\"query-input\":\"required name=search_term_string\"}],\"inLanguage\":\"es\"},{\"@type\":[\"Person\",\"Organization\"],\"@id\":\"https:\/\/www.marisolredondo.com\/#\/schema\/person\/a7f4167392c64b100109903e48fe3898\",\"name\":\"mredondo\",\"image\":{\"@type\":\"ImageObject\",\"inLanguage\":\"es\",\"@id\":\"https:\/\/www.marisolredondo.com\/#\/schema\/person\/image\/\",\"url\":\"https:\/\/secure.gravatar.com\/avatar\/0017f9752f1432e3e718b813e3e35442?s=96&d=mm&r=g\",\"contentUrl\":\"https:\/\/secure.gravatar.com\/avatar\/0017f9752f1432e3e718b813e3e35442?s=96&d=mm&r=g\",\"caption\":\"mredondo\"},\"logo\":{\"@id\":\"https:\/\/www.marisolredondo.com\/#\/schema\/person\/image\/\"}}]}<\/script>\n<!-- \/ Yoast SEO plugin. -->","yoast_head_json":{"title":"Marisol Redondo - Cantante","robots":{"index":"index","follow":"follow","max-snippet":"max-snippet:-1","max-image-preview":"max-image-preview:large","max-video-preview":"max-video-preview:-1"},"canonical":"https:\/\/www.marisolredondo.com\/","og_locale":"es_ES","og_type":"article","og_title":"Marisol Redondo - Cantante","og_description":"NOVEDADESMarisol canta en el Theater Stok, Zurich el 22 de noviembre! Entradas a la venta aqu\u00ed.MARISOL REDONDO es una cantante uruguaya\/espa\u00f1ola\/suiza que lleva la m\u00fasica espa\u00f1ola, sudamericana, el Candombe y el Tango a muchos rincones de Europa desde Suiza, pa\u00eds en el que reside actualmente. Su carrera musical comenz\u00f3 cuando particip\u00f3 con su familia en [&hellip;]","og_url":"https:\/\/www.marisolredondo.com\/","og_site_name":"Marisol Redondo- Singer","article_modified_time":"2025-10-24T07:14:03+00:00","twitter_card":"summary_large_image","twitter_misc":{"Tiempo de lectura":"5 minutos"},"schema":{"@context":"https:\/\/schema.org","@graph":[{"@type":"WebPage","@id":"https:\/\/www.marisolredondo.com\/","url":"https:\/\/www.marisolredondo.com\/","name":"Marisol Redondo - Cantante","isPartOf":{"@id":"https:\/\/www.marisolredondo.com\/#website"},"datePublished":"2018-09-30T20:49:02+00:00","dateModified":"2025-10-24T07:14:03+00:00","breadcrumb":{"@id":"https:\/\/www.marisolredondo.com\/#breadcrumb"},"inLanguage":"es","potentialAction":[{"@type":"ReadAction","target":["https:\/\/www.marisolredondo.com\/"]}]},{"@type":"BreadcrumbList","@id":"https:\/\/www.marisolredondo.com\/#breadcrumb","itemListElement":[{"@type":"ListItem","position":1,"name":"Home","item":"https:\/\/www.marisolredondo.com\/"},{"@type":"ListItem","position":2,"name":"Inicio"}]},{"@type":"WebSite","@id":"https:\/\/www.marisolredondo.com\/#website","url":"https:\/\/www.marisolredondo.com\/","name":"Marisol Redondo","description":"","publisher":{"@id":"https:\/\/www.marisolredondo.com\/#\/schema\/person\/a7f4167392c64b100109903e48fe3898"},"potentialAction":[{"@type":"SearchAction","target":{"@type":"EntryPoint","urlTemplate":"https:\/\/www.marisolredondo.com\/?s={search_term_string}"},"query-input":"required name=search_term_string"}],"inLanguage":"es"},{"@type":["Person","Organization"],"@id":"https:\/\/www.marisolredondo.com\/#\/schema\/person\/a7f4167392c64b100109903e48fe3898","name":"mredondo","image":{"@type":"ImageObject","inLanguage":"es","@id":"https:\/\/www.marisolredondo.com\/#\/schema\/person\/image\/","url":"https:\/\/secure.gravatar.com\/avatar\/0017f9752f1432e3e718b813e3e35442?s=96&d=mm&r=g","contentUrl":"https:\/\/secure.gravatar.com\/avatar\/0017f9752f1432e3e718b813e3e35442?s=96&d=mm&r=g","caption":"mredondo"},"logo":{"@id":"https:\/\/www.marisolredondo.com\/#\/schema\/person\/image\/"}}]}},"_links":{"self":[{"href":"https:\/\/www.marisolredondo.com\/es\/wp-json\/wp\/v2\/pages\/33633"}],"collection":[{"href":"https:\/\/www.marisolredondo.com\/es\/wp-json\/wp\/v2\/pages"}],"about":[{"href":"https:\/\/www.marisolredondo.com\/es\/wp-json\/wp\/v2\/types\/page"}],"author":[{"embeddable":true,"href":"https:\/\/www.marisolredondo.com\/es\/wp-json\/wp\/v2\/users\/1"}],"replies":[{"embeddable":true,"href":"https:\/\/www.marisolredondo.com\/es\/wp-json\/wp\/v2\/comments?post=33633"}],"version-history":[{"count":13,"href":"https:\/\/www.marisolredondo.com\/es\/wp-json\/wp\/v2\/pages\/33633\/revisions"}],"predecessor-version":[{"id":36348,"href":"https:\/\/www.marisolredondo.com\/es\/wp-json\/wp\/v2\/pages\/33633\/revisions\/36348"}],"wp:attachment":[{"href":"https:\/\/www.marisolredondo.com\/es\/wp-json\/wp\/v2\/media?parent=33633"}],"curies":[{"name":"wp","href":"https:\/\/api.w.org\/{rel}","templated":true}]}}