{"id":33772,"date":"2018-10-01T04:34:44","date_gmt":"2018-10-01T04:34:44","guid":{"rendered":"https:\/\/www.marisolredondo.com\/pressemeldungen\/"},"modified":"2019-07-14T11:51:10","modified_gmt":"2019-07-14T11:51:10","slug":"pressemeldungen","status":"publish","type":"page","link":"https:\/\/www.marisolredondo.com\/de\/pressemeldungen\/","title":{"rendered":"Pressemeldungen"},"content":{"rendered":"<p>[et_pb_section bb_built=&#8220;1&#8243; fullwidth=&#8220;on&#8220; _builder_version=&#8220;3.11.1&#8243; next_background_color=&#8220;#000000&#8243;][et_pb_fullwidth_header title=&#8220;Pressemeldungen&#8220; text_orientation=&#8220;center&#8220; header_fullscreen=&#8220;on&#8220; header_scroll_down=&#8220;on&#8220; scroll_down_icon_color=&#8220;#ffffff&#8220; scroll_down_icon_size=&#8220;34px&#8220; logo_image_url=&#8220;https:\/\/www.marisolredondo.com\/wp-content\/uploads\/2018\/08\/logo-large.png&#8220; _builder_version=&#8220;3.15&#8243; title_font=&#8220;|600|||||||&#8220; title_font_size=&#8220;31px&#8220; title_letter_spacing=&#8220;5px&#8220; title_text_shadow_style=&#8220;preset1&#8243; content_font=&#8220;||||||||&#8220; subhead_font=&#8220;||||||||&#8220; background_image=&#8220;https:\/\/www.marisolredondo.com\/wp-content\/uploads\/2018\/09\/Marisol-Redondo-Volver-RICHTERTANGO-Suiza-2017.jpg&#8220; custom_css_logo=&#8220;margin-bottom:25px;&#8220; background_position=&#8220;center_left&#8220; button_one_text_size__hover_enabled=&#8220;off&#8220; button_one_text_size__hover=&#8220;null&#8220; button_two_text_size__hover_enabled=&#8220;off&#8220; button_two_text_size__hover=&#8220;null&#8220; button_one_text_color__hover_enabled=&#8220;off&#8220; button_one_text_color__hover=&#8220;null&#8220; button_two_text_color__hover_enabled=&#8220;off&#8220; button_two_text_color__hover=&#8220;null&#8220; button_one_border_width__hover_enabled=&#8220;off&#8220; button_one_border_width__hover=&#8220;null&#8220; button_two_border_width__hover_enabled=&#8220;off&#8220; button_two_border_width__hover=&#8220;null&#8220; button_one_border_color__hover_enabled=&#8220;off&#8220; button_one_border_color__hover=&#8220;null&#8220; button_two_border_color__hover_enabled=&#8220;off&#8220; button_two_border_color__hover=&#8220;null&#8220; button_one_border_radius__hover_enabled=&#8220;off&#8220; button_one_border_radius__hover=&#8220;null&#8220; button_two_border_radius__hover_enabled=&#8220;off&#8220; button_two_border_radius__hover=&#8220;null&#8220; button_one_letter_spacing__hover_enabled=&#8220;off&#8220; button_one_letter_spacing__hover=&#8220;null&#8220; button_two_letter_spacing__hover_enabled=&#8220;off&#8220; button_two_letter_spacing__hover=&#8220;null&#8220; button_one_bg_color__hover_enabled=&#8220;off&#8220; button_one_bg_color__hover=&#8220;null&#8220; button_two_bg_color__hover_enabled=&#8220;off&#8220; button_two_bg_color__hover=&#8220;null&#8220;]<\/p>\n<hr class=\"underline-style\" \/>\n<p>[\/et_pb_fullwidth_header][\/et_pb_section][et_pb_section bb_built=&#8220;1&#8243; _builder_version=&#8220;3.11.1&#8243; prev_background_color=&#8220;#000000&#8243; next_background_color=&#8220;#0f1626&#8243;][et_pb_row make_equal=&#8220;on&#8220; custom_css_main_1=&#8220;    box-shadow: 0px 2px 18px 0px rgba(0,0,0,0.07);&#8220; custom_css_main_2=&#8220;    box-shadow: 0px 2px 18px 0px rgba(0,0,0,0.07);&#8220; custom_css_main_3=&#8220;    box-shadow: 0px 2px 18px 0px rgba(0,0,0,0.07);&#8220; module_class=&#8220;MR-press-releases&#8220; _builder_version=&#8220;3.15&#8243;][et_pb_column type=&#8220;1_2&#8243;][et_pb_testimonial author=&#8220;Vollksblatt Liechtenstein&#8220; job_title=&#8220;5.09.2018&#8243; quote_icon_color=&#8220;rgba(255,83,61,0.21)&#8220; quote_icon_background_color=&#8220;rgba(245,245,245,0)&#8220; _builder_version=&#8220;3.15&#8243; background_color=&#8220;rgba(15,22,38,0)&#8220; text_orientation=&#8220;center&#8220;]<\/p>\n<p>\u201cPeter-Keiser Saal: Tango Konzert begeisterte Eschen: Die in S\u00fcdamerika und auch in Europa bekannte Tango-S\u00e4ngerin Marisol Redondo gastierte am Montag mit Ihrem Ensamble im Musikschulzentrum. Neben der Stimme Redondos \u00fcberzeugten auch die drei Musiker, die gemeinsam mit ihr, die Konzertbesucher auf eine Reise der Tango-Geschichte mit in eine Bar in Buenos Aires nahmen\u201d<\/p>\n<p>[\/et_pb_testimonial][\/et_pb_column][et_pb_column type=&#8220;1_2&#8243;][et_pb_testimonial author=&#8220;Liechtensteiner Vaterland&#8220; job_title=&#8220;5.09.2018&#8243; quote_icon_color=&#8220;rgba(255,83,61,0.21)&#8220; quote_icon_background_color=&#8220;rgba(245,245,245,0)&#8220; _builder_version=&#8220;3.15&#8243; background_color=&#8220;rgba(15,22,38,0)&#8220; text_orientation=&#8220;center&#8220;]<\/p>\n<p>Emotion pur mit Marisol Redondo und ihrem Quartett.<br \/>\nErfolg: Vom Ursprung des Tangos \u00fcber die klassischen Milongas bis hin zum Tango Nuevo f\u00fchrte die unwiderstehliche S\u00e4ngerin das Publikum in Eschen durch die Geschichte ihrer s\u00e4ngerischen Leidenschaft. Das Publikum dankte ihr mit Standing Ovations.<\/p>\n<p>[\/et_pb_testimonial][\/et_pb_column][\/et_pb_row][et_pb_row custom_padding=&#8220;27px|0px|49px|0px|false|false&#8220; make_equal=&#8220;on&#8220; custom_css_main_1=&#8220;    box-shadow: 0px 2px 18px 0px rgba(0,0,0,0.07);&#8220; custom_css_main_2=&#8220;    box-shadow: 0px 2px 18px 0px rgba(0,0,0,0.07);&#8220; custom_css_main_3=&#8220;    box-shadow: 0px 2px 18px 0px rgba(0,0,0,0.07);&#8220; module_class=&#8220;MR-press-releases&#8220; _builder_version=&#8220;3.15&#8243;][et_pb_column type=&#8220;1_2&#8243;][et_pb_testimonial author=&#8220;Hannoversche Allgemeine Zeitung&#8220; job_title=&#8220;Deutschland &#8220; quote_icon_color=&#8220;rgba(255,83,61,0.21)&#8220; quote_icon_background_color=&#8220;rgba(245,245,245,0)&#8220; _builder_version=&#8220;3.15&#8243; background_color=&#8220;rgba(15,22,38,0)&#8220; text_orientation=&#8220;center&#8220;]<\/p>\n<p>\u201cMarisol Redondo ist immer in dem Land zu Hause aus dem das Lied kommt, das sie gerade singt. Die Klein(e)kunst der grossen Gef\u00fchle aus S\u00fcdamerika und Spanien f\u00e4ngt sie mit einer spontanen Auswahl von Volks-Lieblingsliedern ein.\u201d<\/p>\n<p>[\/et_pb_testimonial][\/et_pb_column][et_pb_column type=&#8220;1_2&#8243;][et_pb_testimonial author=&#8220;La Vanguardia&#8220; job_title=&#8220;Spanien&#8220; quote_icon_color=&#8220;rgba(255,83,61,0.21)&#8220; quote_icon_background_color=&#8220;rgba(245,245,245,0)&#8220; _builder_version=&#8220;3.15&#8243; background_color=&#8220;rgba(15,22,38,0)&#8220; text_orientation=&#8220;center&#8220;]<\/p>\n<p>\u201cIhr Konzert im Poliorama war eine brillante Darstellung von Stimme, Stimmtechnik, Interpretation, Musikalit\u00e4t und k\u00fcnstlerischem K\u00f6nnen in jeder Hinsicht.\u201d<\/p>\n<p>[\/et_pb_testimonial][\/et_pb_column][\/et_pb_row][et_pb_row custom_padding=&#8220;27px|0px|49px|0px|false|false&#8220; make_equal=&#8220;on&#8220; custom_css_main_1=&#8220;    box-shadow: 0px 2px 18px 0px rgba(0,0,0,0.07);&#8220; custom_css_main_2=&#8220;    box-shadow: 0px 2px 18px 0px rgba(0,0,0,0.07);&#8220; custom_css_main_3=&#8220;    box-shadow: 0px 2px 18px 0px rgba(0,0,0,0.07);&#8220; module_class=&#8220;MR-press-releases&#8220; _builder_version=&#8220;3.15&#8243;][et_pb_column type=&#8220;1_2&#8243;][et_pb_testimonial author=&#8220;Kanapee.de&#8220; job_title=&#8220;Deutschland &#8220; quote_icon_color=&#8220;rgba(255,83,61,0.21)&#8220; quote_icon_background_color=&#8220;rgba(245,245,245,0)&#8220; _builder_version=&#8220;3.15&#8243; body_font=&#8220;||||||||&#8220; body_text_align=&#8220;center&#8220; background_color=&#8220;rgba(15,22,38,0)&#8220; text_orientation=&#8220;center&#8220;]<\/p>\n<p>Die Intensit\u00e4t, das Temperament, das pers\u00f6nliche Charme und nicht zuletzt die klangvolle, wandlungsf\u00e4hige Stimme Marisol Redondos lassen ihre Lieder aus Sudamerika, Katalonien, Galizien und dem Baskenland zu einem eindrucksvollen und nachhaltigen Erlebnis werden.\u201c<\/p>\n<p>[\/et_pb_testimonial][\/et_pb_column][et_pb_column type=&#8220;1_2&#8243;][et_pb_testimonial author=&#8220;Wochenblatt Hannover&#8220; job_title=&#8220;Deutschland &#8220; quote_icon_color=&#8220;rgba(255,83,61,0.21)&#8220; quote_icon_background_color=&#8220;rgba(245,245,245,0)&#8220; _builder_version=&#8220;3.15&#8243; background_color=&#8220;rgba(15,22,38,0)&#8220; text_orientation=&#8220;center&#8220;]<\/p>\n<p>\u201cSie erntet nicht nur Beifall, sondern auch Erstaunen [\u2026] Denn: Sie hat eine energiegeladene Stimme, musikalisches Gesp\u00fcr, spanisches Temperament, katalanisches Gef\u00fchl, spielt perfekt Gitarre\u2026\u201d<\/p>\n<p>[\/et_pb_testimonial][\/et_pb_column][\/et_pb_row][\/et_pb_section][et_pb_section bb_built=&#8220;1&#8243; admin_label=&#8220;Follow Along&#8220; disabled_on=&#8220;off|off|off&#8220; _builder_version=&#8220;3.11.1&#8243; background_color=&#8220;#0f1626&#8243; background_position=&#8220;center_right&#8220; custom_padding=&#8220;0||0||false|false&#8220; top_divider_height=&#8220;43px&#8220; saved_tabs=&#8220;all&#8220; prev_background_color=&#8220;#ffffff&#8220; global_module=&#8220;33206&#8243;][et_pb_row global_parent=&#8220;33206&#8243; make_fullwidth=&#8220;on&#8220; custom_padding=&#8220;76px|0px|27px|0px|false|false&#8220; custom_margin=&#8220;0px|||&#8220; _builder_version=&#8220;3.2.1&#8243;][et_pb_column type=&#8220;1_3&#8243;][\/et_pb_column][et_pb_column type=&#8220;1_3&#8243;][et_pb_text global_parent=&#8220;33206&#8243; _builder_version=&#8220;3.15&#8243; header_font=&#8220;||||||||&#8220; header_2_font=&#8220;|600|||||||&#8220; header_2_text_align=&#8220;center&#8220; header_2_text_color=&#8220;#f5f5f5&#8243; custom_margin=&#8220;||0px|&#8220;]<\/p>\n<h2>Auf dem Laufenden bleiben<\/h2>\n<p>[\/et_pb_text][et_pb_divider global_parent=&#8220;33206&#8243; color=&#8220;#ff533d&#8220; divider_weight=&#8220;6px&#8220; height=&#8220;0px&#8220; _builder_version=&#8220;3.15&#8243; max_width=&#8220;10%&#8220; module_alignment=&#8220;center&#8220; custom_margin=&#8220;||17px|&#8220; \/][et_pb_signup global_parent=&#8220;33206&#8243; mailchimp_list=&#8220;marisolredondo|a06e5e1c02&#8243; mailchimp_account_name=&#8220;marisolredondo&#8220; mailchimp_api_key=&#8220;beb92e33eb7aaaf3c2cd92ecaa9f9be9-us19&#8243; first_name_field=&#8220;off&#8220; last_name_field=&#8220;off&#8220; form_field_background_color=&#8220;#ffffff&#8220; form_field_text_color=&#8220;#929292&#8243; focus_background_color=&#8220;#000000&#8243; _builder_version=&#8220;3.15&#8243; header_font=&#8220;|700|||||||&#8220; header_text_align=&#8220;center&#8220; header_text_color=&#8220;#ffffff&#8220; header_font_size=&#8220;50px&#8220; header_font_size_phone=&#8220;40px&#8220; header_font_size_last_edited=&#8220;on|phone&#8220; header_line_height=&#8220;1.5em&#8220; body_font=&#8220;||||||||&#8220; body_text_color=&#8220;rgba(255,255,255,0.75)&#8220; body_font_size=&#8220;17px&#8220; body_line_height=&#8220;2em&#8220; result_message_font=&#8220;Noto Sans||||||||&#8220; result_message_font_size=&#8220;17px&#8220; use_background_color=&#8220;off&#8220; border_radii_fields=&#8220;on|10px|10px|10px|10px&#8220; border_color_all_fields=&#8220;#ffffff&#8220; box_shadow_style_fields=&#8220;preset1&#8243; box_shadow_vertical_fields=&#8220;52px&#8220; box_shadow_blur_fields=&#8220;80px&#8220; text_orientation=&#8220;center&#8220; background_layout=&#8220;light&#8220; module_alignment=&#8220;center&#8220; custom_margin=&#8220;|||&#8220; custom_padding=&#8220;|||&#8220; animation_style=&#8220;fade&#8220; button_text_size__hover_enabled=&#8220;off&#8220; button_text_size__hover=&#8220;null&#8220; button_one_text_size__hover_enabled=&#8220;off&#8220; button_one_text_size__hover=&#8220;null&#8220; button_two_text_size__hover_enabled=&#8220;off&#8220; button_two_text_size__hover=&#8220;null&#8220; button_text_color__hover_enabled=&#8220;off&#8220; button_text_color__hover=&#8220;null&#8220; button_one_text_color__hover_enabled=&#8220;off&#8220; button_one_text_color__hover=&#8220;null&#8220; button_two_text_color__hover_enabled=&#8220;off&#8220; button_two_text_color__hover=&#8220;null&#8220; button_border_width__hover_enabled=&#8220;off&#8220; button_border_width__hover=&#8220;null&#8220; button_one_border_width__hover_enabled=&#8220;off&#8220; button_one_border_width__hover=&#8220;null&#8220; button_two_border_width__hover_enabled=&#8220;off&#8220; button_two_border_width__hover=&#8220;null&#8220; button_border_color__hover_enabled=&#8220;off&#8220; button_border_color__hover=&#8220;null&#8220; button_one_border_color__hover_enabled=&#8220;off&#8220; button_one_border_color__hover=&#8220;null&#8220; button_two_border_color__hover_enabled=&#8220;off&#8220; button_two_border_color__hover=&#8220;null&#8220; button_border_radius__hover_enabled=&#8220;off&#8220; button_border_radius__hover=&#8220;null&#8220; button_one_border_radius__hover_enabled=&#8220;off&#8220; button_one_border_radius__hover=&#8220;null&#8220; button_two_border_radius__hover_enabled=&#8220;off&#8220; button_two_border_radius__hover=&#8220;null&#8220; button_letter_spacing__hover_enabled=&#8220;off&#8220; button_letter_spacing__hover=&#8220;null&#8220; button_one_letter_spacing__hover_enabled=&#8220;off&#8220; button_one_letter_spacing__hover=&#8220;null&#8220; button_two_letter_spacing__hover_enabled=&#8220;off&#8220; button_two_letter_spacing__hover=&#8220;null&#8220; button_bg_color__hover_enabled=&#8220;off&#8220; button_bg_color__hover=&#8220;null&#8220; button_one_bg_color__hover_enabled=&#8220;off&#8220; button_one_bg_color__hover=&#8220;null&#8220; button_two_bg_color__hover_enabled=&#8220;off&#8220; button_two_bg_color__hover=&#8220;null&#8220;]Lorem ipsum dolor sit amet, consectetur adipiscing elit, sed do eiusmod tempor incididunt ut labore et dolore magna aliqua. Ut enim ad minim veniam.[\/et_pb_signup][et_pb_image global_parent=&#8220;33206&#8243; src=&#8220;https:\/\/www.marisolredondo.com\/wp-content\/uploads\/2018\/08\/logo-1.png&#8220; align=&#8220;center&#8220; _builder_version=&#8220;3.15&#8243; custom_margin=&#8220;||0px|&#8220; \/][et_pb_social_media_follow global_parent=&#8220;33206&#8243; _builder_version=&#8220;3.15&#8243; border_radii=&#8220;on|100%|100%|100%|100%&#8220; text_orientation=&#8220;center&#8220; background_layout=&#8220;dark&#8220; module_alignment=&#8220;right&#8220; custom_margin=&#8220;|||&#8220; animation_style=&#8220;slide&#8220; animation_direction=&#8220;top&#8220;][et_pb_social_media_follow_network social_network=&#8220;facebook&#8220; url=&#8220;https:\/\/www.facebook.com\/marisol.redondo.77920&#8243; _builder_version=&#8220;3.15&#8243; background_color=&#8220;#3b5998&#8243; follow_button=&#8220;off&#8220; url_new_window=&#8220;on&#8220;]facebook[\/et_pb_social_media_follow_network][et_pb_social_media_follow_network social_network=&#8220;instagram&#8220; url=&#8220;https:\/\/www.instagram.com\/redondo.marisol\/&#8220; _builder_version=&#8220;3.15&#8243; background_color=&#8220;#ea2c59&#8243; follow_button=&#8220;off&#8220; url_new_window=&#8220;on&#8220;]instagram[\/et_pb_social_media_follow_network][\/et_pb_social_media_follow][\/et_pb_column][et_pb_column type=&#8220;1_3&#8243;][\/et_pb_column][\/et_pb_row][\/et_pb_section]<\/p>\n","protected":false},"excerpt":{"rendered":"<p>\u201cPeter-Keiser Saal: Tango Konzert begeisterte Eschen: Die in S\u00fcdamerika und auch in Europa bekannte Tango-S\u00e4ngerin Marisol Redondo gastierte am Montag mit Ihrem Ensamble im Musikschulzentrum. Neben der Stimme Redondos \u00fcberzeugten auch die drei Musiker, die gemeinsam mit ihr, die Konzertbesucher auf eine Reise der Tango-Geschichte mit in eine Bar in Buenos Aires nahmen\u201d Emotion pur [&hellip;]<\/p>\n","protected":false},"author":1,"featured_media":0,"parent":0,"menu_order":0,"comment_status":"closed","ping_status":"closed","template":"","meta":{"_et_pb_use_builder":"on","_et_pb_old_content":"","_et_gb_content_width":"","footnotes":""},"yoast_head":"<!-- This site is optimized with the Yoast SEO plugin v21.2 - https:\/\/yoast.com\/wordpress\/plugins\/seo\/ -->\n<title>Marisol Redondo | Pressemeldungen<\/title>\n<meta name=\"description\" content=\"Pressemeldungen\" \/>\n<meta name=\"robots\" content=\"index, follow, max-snippet:-1, max-image-preview:large, max-video-preview:-1\" \/>\n<link rel=\"canonical\" href=\"https:\/\/www.marisolredondo.com\/de\/pressemeldungen\/\" \/>\n<meta property=\"og:locale\" content=\"de_DE\" \/>\n<meta property=\"og:type\" content=\"article\" \/>\n<meta property=\"og:title\" content=\"Marisol Redondo | Pressemeldungen\" \/>\n<meta property=\"og:description\" content=\"Pressemeldungen\" \/>\n<meta property=\"og:url\" content=\"https:\/\/www.marisolredondo.com\/de\/pressemeldungen\/\" \/>\n<meta property=\"og:site_name\" content=\"Marisol Redondo- Singer\" \/>\n<meta property=\"article:modified_time\" content=\"2019-07-14T11:51:10+00:00\" \/>\n<meta name=\"twitter:card\" content=\"summary_large_image\" \/>\n<meta name=\"twitter:label1\" content=\"Gesch\u00e4tzte Lesezeit\" \/>\n\t<meta name=\"twitter:data1\" content=\"8\u00a0Minuten\" \/>\n<script type=\"application\/ld+json\" class=\"yoast-schema-graph\">{\"@context\":\"https:\/\/schema.org\",\"@graph\":[{\"@type\":\"WebPage\",\"@id\":\"https:\/\/www.marisolredondo.com\/de\/pressemeldungen\/\",\"url\":\"https:\/\/www.marisolredondo.com\/de\/pressemeldungen\/\",\"name\":\"Marisol Redondo | Pressemeldungen\",\"isPartOf\":{\"@id\":\"https:\/\/www.marisolredondo.com\/#website\"},\"datePublished\":\"2018-10-01T04:34:44+00:00\",\"dateModified\":\"2019-07-14T11:51:10+00:00\",\"description\":\"Pressemeldungen\",\"breadcrumb\":{\"@id\":\"https:\/\/www.marisolredondo.com\/de\/pressemeldungen\/#breadcrumb\"},\"inLanguage\":\"de\",\"potentialAction\":[{\"@type\":\"ReadAction\",\"target\":[\"https:\/\/www.marisolredondo.com\/de\/pressemeldungen\/\"]}]},{\"@type\":\"BreadcrumbList\",\"@id\":\"https:\/\/www.marisolredondo.com\/de\/pressemeldungen\/#breadcrumb\",\"itemListElement\":[{\"@type\":\"ListItem\",\"position\":1,\"name\":\"Home\",\"item\":\"https:\/\/www.marisolredondo.com\/\"},{\"@type\":\"ListItem\",\"position\":2,\"name\":\"Pressemeldungen\"}]},{\"@type\":\"WebSite\",\"@id\":\"https:\/\/www.marisolredondo.com\/#website\",\"url\":\"https:\/\/www.marisolredondo.com\/\",\"name\":\"Marisol Redondo\",\"description\":\"\",\"publisher\":{\"@id\":\"https:\/\/www.marisolredondo.com\/#\/schema\/person\/a7f4167392c64b100109903e48fe3898\"},\"potentialAction\":[{\"@type\":\"SearchAction\",\"target\":{\"@type\":\"EntryPoint\",\"urlTemplate\":\"https:\/\/www.marisolredondo.com\/?s={search_term_string}\"},\"query-input\":\"required name=search_term_string\"}],\"inLanguage\":\"de\"},{\"@type\":[\"Person\",\"Organization\"],\"@id\":\"https:\/\/www.marisolredondo.com\/#\/schema\/person\/a7f4167392c64b100109903e48fe3898\",\"name\":\"mredondo\",\"image\":{\"@type\":\"ImageObject\",\"inLanguage\":\"de\",\"@id\":\"https:\/\/www.marisolredondo.com\/#\/schema\/person\/image\/\",\"url\":\"https:\/\/secure.gravatar.com\/avatar\/0017f9752f1432e3e718b813e3e35442?s=96&d=mm&r=g\",\"contentUrl\":\"https:\/\/secure.gravatar.com\/avatar\/0017f9752f1432e3e718b813e3e35442?s=96&d=mm&r=g\",\"caption\":\"mredondo\"},\"logo\":{\"@id\":\"https:\/\/www.marisolredondo.com\/#\/schema\/person\/image\/\"}}]}<\/script>\n<!-- \/ Yoast SEO plugin. -->","yoast_head_json":{"title":"Marisol Redondo | Pressemeldungen","description":"Pressemeldungen","robots":{"index":"index","follow":"follow","max-snippet":"max-snippet:-1","max-image-preview":"max-image-preview:large","max-video-preview":"max-video-preview:-1"},"canonical":"https:\/\/www.marisolredondo.com\/de\/pressemeldungen\/","og_locale":"de_DE","og_type":"article","og_title":"Marisol Redondo | Pressemeldungen","og_description":"Pressemeldungen","og_url":"https:\/\/www.marisolredondo.com\/de\/pressemeldungen\/","og_site_name":"Marisol Redondo- Singer","article_modified_time":"2019-07-14T11:51:10+00:00","twitter_card":"summary_large_image","twitter_misc":{"Gesch\u00e4tzte Lesezeit":"8\u00a0Minuten"},"schema":{"@context":"https:\/\/schema.org","@graph":[{"@type":"WebPage","@id":"https:\/\/www.marisolredondo.com\/de\/pressemeldungen\/","url":"https:\/\/www.marisolredondo.com\/de\/pressemeldungen\/","name":"Marisol Redondo | Pressemeldungen","isPartOf":{"@id":"https:\/\/www.marisolredondo.com\/#website"},"datePublished":"2018-10-01T04:34:44+00:00","dateModified":"2019-07-14T11:51:10+00:00","description":"Pressemeldungen","breadcrumb":{"@id":"https:\/\/www.marisolredondo.com\/de\/pressemeldungen\/#breadcrumb"},"inLanguage":"de","potentialAction":[{"@type":"ReadAction","target":["https:\/\/www.marisolredondo.com\/de\/pressemeldungen\/"]}]},{"@type":"BreadcrumbList","@id":"https:\/\/www.marisolredondo.com\/de\/pressemeldungen\/#breadcrumb","itemListElement":[{"@type":"ListItem","position":1,"name":"Home","item":"https:\/\/www.marisolredondo.com\/"},{"@type":"ListItem","position":2,"name":"Pressemeldungen"}]},{"@type":"WebSite","@id":"https:\/\/www.marisolredondo.com\/#website","url":"https:\/\/www.marisolredondo.com\/","name":"Marisol Redondo","description":"","publisher":{"@id":"https:\/\/www.marisolredondo.com\/#\/schema\/person\/a7f4167392c64b100109903e48fe3898"},"potentialAction":[{"@type":"SearchAction","target":{"@type":"EntryPoint","urlTemplate":"https:\/\/www.marisolredondo.com\/?s={search_term_string}"},"query-input":"required name=search_term_string"}],"inLanguage":"de"},{"@type":["Person","Organization"],"@id":"https:\/\/www.marisolredondo.com\/#\/schema\/person\/a7f4167392c64b100109903e48fe3898","name":"mredondo","image":{"@type":"ImageObject","inLanguage":"de","@id":"https:\/\/www.marisolredondo.com\/#\/schema\/person\/image\/","url":"https:\/\/secure.gravatar.com\/avatar\/0017f9752f1432e3e718b813e3e35442?s=96&d=mm&r=g","contentUrl":"https:\/\/secure.gravatar.com\/avatar\/0017f9752f1432e3e718b813e3e35442?s=96&d=mm&r=g","caption":"mredondo"},"logo":{"@id":"https:\/\/www.marisolredondo.com\/#\/schema\/person\/image\/"}}]}},"_links":{"self":[{"href":"https:\/\/www.marisolredondo.com\/de\/wp-json\/wp\/v2\/pages\/33772"}],"collection":[{"href":"https:\/\/www.marisolredondo.com\/de\/wp-json\/wp\/v2\/pages"}],"about":[{"href":"https:\/\/www.marisolredondo.com\/de\/wp-json\/wp\/v2\/types\/page"}],"author":[{"embeddable":true,"href":"https:\/\/www.marisolredondo.com\/de\/wp-json\/wp\/v2\/users\/1"}],"replies":[{"embeddable":true,"href":"https:\/\/www.marisolredondo.com\/de\/wp-json\/wp\/v2\/comments?post=33772"}],"version-history":[{"count":0,"href":"https:\/\/www.marisolredondo.com\/de\/wp-json\/wp\/v2\/pages\/33772\/revisions"}],"wp:attachment":[{"href":"https:\/\/www.marisolredondo.com\/de\/wp-json\/wp\/v2\/media?parent=33772"}],"curies":[{"name":"wp","href":"https:\/\/api.w.org\/{rel}","templated":true}]}}