{"id":33767,"date":"2018-10-01T04:29:11","date_gmt":"2018-10-01T04:29:11","guid":{"rendered":"https:\/\/www.marisolredondo.com\/biografie\/"},"modified":"2024-05-12T15:01:27","modified_gmt":"2024-05-12T15:01:27","slug":"biografie","status":"publish","type":"page","link":"https:\/\/www.marisolredondo.com\/de\/biografie\/","title":{"rendered":"Biografie"},"content":{"rendered":"<p>[et_pb_section fb_built=&#8220;1&#8243; fullwidth=&#8220;on&#8220; _builder_version=&#8220;4.16&#8243; global_colors_info=&#8220;{}&#8220;][et_pb_fullwidth_header title=&#8220;Biografie&#8220; text_orientation=&#8220;center&#8220; header_fullscreen=&#8220;on&#8220; header_scroll_down=&#8220;on&#8220; scroll_down_icon_color=&#8220;#ffffff&#8220; scroll_down_icon_size=&#8220;34px&#8220; background_overlay_color=&#8220;rgba(15,22,38,0.47)&#8220; logo_image_url=&#8220;https:\/\/www.marisolredondo.com\/wp-content\/uploads\/2018\/08\/logo-large.png&#8220; _builder_version=&#8220;4.16&#8243; title_font=&#8220;|600|||||||&#8220; title_font_size=&#8220;31px&#8220; title_letter_spacing=&#8220;5px&#8220; content_font=&#8220;||||||||&#8220; subhead_font=&#8220;||||||||&#8220; background_image=&#8220;https:\/\/www.marisolredondo.com\/wp-content\/uploads\/2020\/06\/Concert_Marisol-16-scaled.jpg&#8220; background_position=&#8220;top_right&#8220; background_last_edited=&#8220;on|phone&#8220; background_size_phone=&#8220;contain&#8220; custom_css_logo=&#8220;margin-bottom:25px;&#8220; title_text_shadow_style=&#8220;preset1&#8243; global_colors_info=&#8220;{}&#8220; button_one_text_size__hover_enabled=&#8220;off&#8220; button_two_text_size__hover_enabled=&#8220;off&#8220; button_one_text_color__hover_enabled=&#8220;off&#8220; button_two_text_color__hover_enabled=&#8220;off&#8220; button_one_border_width__hover_enabled=&#8220;off&#8220; button_two_border_width__hover_enabled=&#8220;off&#8220; button_one_border_color__hover_enabled=&#8220;off&#8220; button_two_border_color__hover_enabled=&#8220;off&#8220; button_one_border_radius__hover_enabled=&#8220;off&#8220; button_two_border_radius__hover_enabled=&#8220;off&#8220; button_one_letter_spacing__hover_enabled=&#8220;off&#8220; button_two_letter_spacing__hover_enabled=&#8220;off&#8220; button_one_bg_color__hover_enabled=&#8220;off&#8220; button_two_bg_color__hover_enabled=&#8220;off&#8220;]<\/p>\n<hr class=\"underline-style\" \/>[\/et_pb_fullwidth_header][\/et_pb_section][et_pb_section fb_built=&#8220;1&#8243; module_id=&#8220;MR-bio&#8220; _builder_version=&#8220;4.16&#8243; custom_margin=&#8220;|||&#8220; custom_padding=&#8220;|||&#8220; top_divider_height=&#8220;34px&#8220; top_divider_repeat=&#8220;20x&#8220; global_colors_info=&#8220;{}&#8220;][et_pb_row column_structure=&#8220;2_3,1_3&#8243; _builder_version=&#8220;4.16&#8243; global_colors_info=&#8220;{}&#8220;][et_pb_column type=&#8220;2_3&#8243; _builder_version=&#8220;4.16&#8243; custom_padding=&#8220;|||&#8220; global_colors_info=&#8220;{}&#8220; custom_padding__hover=&#8220;|||&#8220;][et_pb_text ul_item_indent=&#8220;45px&#8220; _builder_version=&#8220;4.16&#8243; text_font=&#8220;||||||||&#8220; link_text_color=&#8220;#3550a0&#8243; ul_font=&#8220;||on||||||&#8220; ul_font_size=&#8220;16px&#8220; ul_line_height=&#8220;1.7em&#8220; header_2_font=&#8220;|600|||||||&#8220; header_2_text_color=&#8220;#ff533d&#8220; header_2_font_size=&#8220;29px&#8220; header_3_font=&#8220;|700|||||||&#8220; header_3_text_color=&#8220;#0f1626&#8243; header_3_font_size=&#8220;30px&#8220; header_3_line_height=&#8220;1.5em&#8220; header_4_font=&#8220;Lato|700|||||||&#8220; header_4_text_color=&#8220;#3550a0&#8243; header_4_font_size=&#8220;16px&#8220; header_4_line_height=&#8220;1.5em&#8220; custom_margin=&#8220;|||&#8220; header_3_font_size_tablet=&#8220;&#8220; header_3_font_size_phone=&#8220;20px&#8220; header_3_font_size_last_edited=&#8220;on|phone&#8220; locked=&#8220;off&#8220; global_colors_info=&#8220;{}&#8220;]<\/p>\n<p><span class=\"MR-dropcap\">M<\/span><span class=\"MR-dropcap-rest\">ARISOL REDONDO <\/span>ist eine uruguayische\/spanisch-schweizerische S\u00e4ngerin. Sie wurde in Uruguay geboren und zog im Alter von 13 Jahren nach Spanien. Dort wurde sie durch viele \u00f6ffentliche Auftritte (u.a. im &#8222;Palau de la Musica&#8220; und &#8222;Teatro Poliorama&#8220; in Barcelona) f\u00fcr ihre Interpretation spanischer und s\u00fcdamerikanischer Lieder bekannt.<\/p>\n<p>Ihre musikalische Karriere begann, als sie mit ihrer Familie am Gesangswettbewerb &#8222;Cantando en Familia&#8220; in Montevideo, Uruguay, teilnahm, wo sie ihren ersten Single aufnahm. In Spanien trat sie mehrere Jahre in Barcelona auf, gab Konzerte mit spanischen und s\u00fcdamerikanischen Liedern und setzte sp\u00e4ter ihre Solokarriere fort.<\/p>\n<p>Sie wurde mit dem Preis &#8222;Catalan Song&#8220; ausgezeichnet, der sie auf eine Tournee durch verschiedene Theater in Barcelona (Palau de la M\u00fasica, Poliorama) sowie zu Fernseh- und Radioauftritten f\u00fchrte, woraufhin sie ihre zweite Single &#8222;T\u00fa \u2013 No soc feli\u00e7&#8220; und das Album &#8222;Horizons&#8220; zusammen mit anderen K\u00fcnstlern in katalanischer Sprache aufnahm. 2018 kehrte sie nach Uruguay zur\u00fcck und nahm in Montevideo zusammen mit dem versierten und international anerkannten Maestro-Gitarristen Julio Cobelli ihr Album &#8222;El d\u00eda que me quieras&#8220; auf, sowie Songs auf der Volksharfe zusammen mit dem paraguayischen Harfenisten Luis Alvarenga.<\/p>\n<p>Zu ihren denkw\u00fcrdigsten Tourneen in Europa geh\u00f6ren:<\/p>\n<ul>\n<li>\u201cA orillas del r\u00edo Uruguay\u201d (2016)<\/li>\n<li>\u201cM\u00fasica y Tango\u201d (2017)<\/li>\n<li>\u201cRichtertango\u201d (2017)<\/li>\n<li>\u201cTango para vos (z)\u201d (2018)<\/li>\n<\/ul>\n<p>&nbsp;<\/p>\n<p>[\/et_pb_text][et_pb_button button_url=&#8220;https:\/\/www.marisolredondo.com\/de\/mitwirkende-musiker\/&#8220; button_text=&#8220;Mitwirkende Musiker&#8220; _builder_version=&#8220;4.16&#8243; global_colors_info=&#8220;{}&#8220; button_text_size__hover_enabled=&#8220;off&#8220; button_one_text_size__hover_enabled=&#8220;off&#8220; button_two_text_size__hover_enabled=&#8220;off&#8220; button_text_color__hover_enabled=&#8220;off&#8220; button_one_text_color__hover_enabled=&#8220;off&#8220; button_two_text_color__hover_enabled=&#8220;off&#8220; button_border_width__hover_enabled=&#8220;off&#8220; button_one_border_width__hover_enabled=&#8220;off&#8220; button_two_border_width__hover_enabled=&#8220;off&#8220; button_border_color__hover_enabled=&#8220;off&#8220; button_one_border_color__hover_enabled=&#8220;off&#8220; button_two_border_color__hover_enabled=&#8220;off&#8220; button_border_radius__hover_enabled=&#8220;off&#8220; button_one_border_radius__hover_enabled=&#8220;off&#8220; button_two_border_radius__hover_enabled=&#8220;off&#8220; button_letter_spacing__hover_enabled=&#8220;off&#8220; button_one_letter_spacing__hover_enabled=&#8220;off&#8220; button_two_letter_spacing__hover_enabled=&#8220;off&#8220; button_bg_color__hover_enabled=&#8220;off&#8220; button_one_bg_color__hover_enabled=&#8220;off&#8220; button_two_bg_color__hover_enabled=&#8220;off&#8220;][\/et_pb_button][\/et_pb_column][et_pb_column type=&#8220;1_3&#8243; _builder_version=&#8220;4.16&#8243; custom_padding=&#8220;|||&#8220; global_colors_info=&#8220;{}&#8220; custom_padding__hover=&#8220;|||&#8220;][et_pb_image src=&#8220;https:\/\/www.marisolredondo.com\/wp-content\/uploads\/2018\/08\/image-1.png&#8220; align_tablet=&#8220;center&#8220; align_phone=&#8220;&#8220; align_last_edited=&#8220;on|desktop&#8220; _builder_version=&#8220;4.16&#8243; global_colors_info=&#8220;{}&#8220;][\/et_pb_image][\/et_pb_column][\/et_pb_row][\/et_pb_section][et_pb_section fb_built=&#8220;1&#8243; disabled_on=&#8220;off|off|off&#8220; admin_label=&#8220;Follow Along&#8220; _builder_version=&#8220;3.11.1&#8243; background_color=&#8220;#0f1626&#8243; background_position=&#8220;center_right&#8220; custom_padding=&#8220;0||0||false|false&#8220; top_divider_height=&#8220;43px&#8220; global_module=&#8220;33206&#8243; saved_tabs=&#8220;all&#8220; global_colors_info=&#8220;{}&#8220;][\/et_pb_section]<\/p>\n","protected":false},"excerpt":{"rendered":"<p>MARISOL REDONDO ist eine uruguayische\/spanisch-schweizerische S\u00e4ngerin. Sie wurde in Uruguay geboren und zog im Alter von 13 Jahren nach Spanien. Dort wurde sie durch viele \u00f6ffentliche Auftritte (u.a. im &#8222;Palau de la Musica&#8220; und &#8222;Teatro Poliorama&#8220; in Barcelona) f\u00fcr ihre Interpretation spanischer und s\u00fcdamerikanischer Lieder bekannt. Ihre musikalische Karriere begann, als sie mit ihrer Familie [&hellip;]<\/p>\n","protected":false},"author":1,"featured_media":0,"parent":0,"menu_order":0,"comment_status":"closed","ping_status":"closed","template":"","meta":{"_et_pb_use_builder":"on","_et_pb_old_content":"","_et_gb_content_width":"","footnotes":""},"yoast_head":"<!-- This site is optimized with the Yoast SEO plugin v21.2 - https:\/\/yoast.com\/wordpress\/plugins\/seo\/ -->\n<title>Biografie - Marisol Redondo- Singer<\/title>\n<meta name=\"robots\" content=\"index, follow, max-snippet:-1, max-image-preview:large, max-video-preview:-1\" \/>\n<link rel=\"canonical\" href=\"https:\/\/www.marisolredondo.com\/biography\/\" \/>\n<meta property=\"og:locale\" content=\"de_DE\" \/>\n<meta property=\"og:type\" content=\"article\" \/>\n<meta property=\"og:title\" content=\"Biografie - Marisol Redondo- Singer\" \/>\n<meta property=\"og:description\" content=\"MARISOL REDONDO ist eine uruguayische\/spanisch-schweizerische S\u00e4ngerin. Sie wurde in Uruguay geboren und zog im Alter von 13 Jahren nach Spanien. Dort wurde sie durch viele \u00f6ffentliche Auftritte (u.a. im &quot;Palau de la Musica&quot; und &quot;Teatro Poliorama&quot; in Barcelona) f\u00fcr ihre Interpretation spanischer und s\u00fcdamerikanischer Lieder bekannt. Ihre musikalische Karriere begann, als sie mit ihrer Familie [&hellip;]\" \/>\n<meta property=\"og:url\" content=\"https:\/\/www.marisolredondo.com\/biography\/\" \/>\n<meta property=\"og:site_name\" content=\"Marisol Redondo- Singer\" \/>\n<meta property=\"article:modified_time\" content=\"2024-05-12T15:01:27+00:00\" \/>\n<meta name=\"twitter:card\" content=\"summary_large_image\" \/>\n<meta name=\"twitter:label1\" content=\"Gesch\u00e4tzte Lesezeit\" \/>\n\t<meta name=\"twitter:data1\" content=\"4\u00a0Minuten\" \/>\n<script type=\"application\/ld+json\" class=\"yoast-schema-graph\">{\"@context\":\"https:\/\/schema.org\",\"@graph\":[{\"@type\":\"WebPage\",\"@id\":\"https:\/\/www.marisolredondo.com\/biography\/\",\"url\":\"https:\/\/www.marisolredondo.com\/biography\/\",\"name\":\"Biografie - Marisol Redondo- Singer\",\"isPartOf\":{\"@id\":\"https:\/\/www.marisolredondo.com\/#website\"},\"datePublished\":\"2018-10-01T04:29:11+00:00\",\"dateModified\":\"2024-05-12T15:01:27+00:00\",\"breadcrumb\":{\"@id\":\"https:\/\/www.marisolredondo.com\/biography\/#breadcrumb\"},\"inLanguage\":\"de\",\"potentialAction\":[{\"@type\":\"ReadAction\",\"target\":[\"https:\/\/www.marisolredondo.com\/biography\/\"]}]},{\"@type\":\"BreadcrumbList\",\"@id\":\"https:\/\/www.marisolredondo.com\/biography\/#breadcrumb\",\"itemListElement\":[{\"@type\":\"ListItem\",\"position\":1,\"name\":\"Home\",\"item\":\"https:\/\/www.marisolredondo.com\/\"},{\"@type\":\"ListItem\",\"position\":2,\"name\":\"Biografie\"}]},{\"@type\":\"WebSite\",\"@id\":\"https:\/\/www.marisolredondo.com\/#website\",\"url\":\"https:\/\/www.marisolredondo.com\/\",\"name\":\"Marisol Redondo\",\"description\":\"\",\"publisher\":{\"@id\":\"https:\/\/www.marisolredondo.com\/#\/schema\/person\/a7f4167392c64b100109903e48fe3898\"},\"potentialAction\":[{\"@type\":\"SearchAction\",\"target\":{\"@type\":\"EntryPoint\",\"urlTemplate\":\"https:\/\/www.marisolredondo.com\/?s={search_term_string}\"},\"query-input\":\"required name=search_term_string\"}],\"inLanguage\":\"de\"},{\"@type\":[\"Person\",\"Organization\"],\"@id\":\"https:\/\/www.marisolredondo.com\/#\/schema\/person\/a7f4167392c64b100109903e48fe3898\",\"name\":\"mredondo\",\"image\":{\"@type\":\"ImageObject\",\"inLanguage\":\"de\",\"@id\":\"https:\/\/www.marisolredondo.com\/#\/schema\/person\/image\/\",\"url\":\"https:\/\/secure.gravatar.com\/avatar\/0017f9752f1432e3e718b813e3e35442?s=96&d=mm&r=g\",\"contentUrl\":\"https:\/\/secure.gravatar.com\/avatar\/0017f9752f1432e3e718b813e3e35442?s=96&d=mm&r=g\",\"caption\":\"mredondo\"},\"logo\":{\"@id\":\"https:\/\/www.marisolredondo.com\/#\/schema\/person\/image\/\"}}]}<\/script>\n<!-- \/ Yoast SEO plugin. -->","yoast_head_json":{"title":"Biografie - Marisol Redondo- Singer","robots":{"index":"index","follow":"follow","max-snippet":"max-snippet:-1","max-image-preview":"max-image-preview:large","max-video-preview":"max-video-preview:-1"},"canonical":"https:\/\/www.marisolredondo.com\/biography\/","og_locale":"de_DE","og_type":"article","og_title":"Biografie - Marisol Redondo- Singer","og_description":"MARISOL REDONDO ist eine uruguayische\/spanisch-schweizerische S\u00e4ngerin. Sie wurde in Uruguay geboren und zog im Alter von 13 Jahren nach Spanien. Dort wurde sie durch viele \u00f6ffentliche Auftritte (u.a. im \"Palau de la Musica\" und \"Teatro Poliorama\" in Barcelona) f\u00fcr ihre Interpretation spanischer und s\u00fcdamerikanischer Lieder bekannt. Ihre musikalische Karriere begann, als sie mit ihrer Familie [&hellip;]","og_url":"https:\/\/www.marisolredondo.com\/biography\/","og_site_name":"Marisol Redondo- Singer","article_modified_time":"2024-05-12T15:01:27+00:00","twitter_card":"summary_large_image","twitter_misc":{"Gesch\u00e4tzte Lesezeit":"4\u00a0Minuten"},"schema":{"@context":"https:\/\/schema.org","@graph":[{"@type":"WebPage","@id":"https:\/\/www.marisolredondo.com\/biography\/","url":"https:\/\/www.marisolredondo.com\/biography\/","name":"Biografie - Marisol Redondo- Singer","isPartOf":{"@id":"https:\/\/www.marisolredondo.com\/#website"},"datePublished":"2018-10-01T04:29:11+00:00","dateModified":"2024-05-12T15:01:27+00:00","breadcrumb":{"@id":"https:\/\/www.marisolredondo.com\/biography\/#breadcrumb"},"inLanguage":"de","potentialAction":[{"@type":"ReadAction","target":["https:\/\/www.marisolredondo.com\/biography\/"]}]},{"@type":"BreadcrumbList","@id":"https:\/\/www.marisolredondo.com\/biography\/#breadcrumb","itemListElement":[{"@type":"ListItem","position":1,"name":"Home","item":"https:\/\/www.marisolredondo.com\/"},{"@type":"ListItem","position":2,"name":"Biografie"}]},{"@type":"WebSite","@id":"https:\/\/www.marisolredondo.com\/#website","url":"https:\/\/www.marisolredondo.com\/","name":"Marisol Redondo","description":"","publisher":{"@id":"https:\/\/www.marisolredondo.com\/#\/schema\/person\/a7f4167392c64b100109903e48fe3898"},"potentialAction":[{"@type":"SearchAction","target":{"@type":"EntryPoint","urlTemplate":"https:\/\/www.marisolredondo.com\/?s={search_term_string}"},"query-input":"required name=search_term_string"}],"inLanguage":"de"},{"@type":["Person","Organization"],"@id":"https:\/\/www.marisolredondo.com\/#\/schema\/person\/a7f4167392c64b100109903e48fe3898","name":"mredondo","image":{"@type":"ImageObject","inLanguage":"de","@id":"https:\/\/www.marisolredondo.com\/#\/schema\/person\/image\/","url":"https:\/\/secure.gravatar.com\/avatar\/0017f9752f1432e3e718b813e3e35442?s=96&d=mm&r=g","contentUrl":"https:\/\/secure.gravatar.com\/avatar\/0017f9752f1432e3e718b813e3e35442?s=96&d=mm&r=g","caption":"mredondo"},"logo":{"@id":"https:\/\/www.marisolredondo.com\/#\/schema\/person\/image\/"}}]}},"_links":{"self":[{"href":"https:\/\/www.marisolredondo.com\/de\/wp-json\/wp\/v2\/pages\/33767"}],"collection":[{"href":"https:\/\/www.marisolredondo.com\/de\/wp-json\/wp\/v2\/pages"}],"about":[{"href":"https:\/\/www.marisolredondo.com\/de\/wp-json\/wp\/v2\/types\/page"}],"author":[{"embeddable":true,"href":"https:\/\/www.marisolredondo.com\/de\/wp-json\/wp\/v2\/users\/1"}],"replies":[{"embeddable":true,"href":"https:\/\/www.marisolredondo.com\/de\/wp-json\/wp\/v2\/comments?post=33767"}],"version-history":[{"count":3,"href":"https:\/\/www.marisolredondo.com\/de\/wp-json\/wp\/v2\/pages\/33767\/revisions"}],"predecessor-version":[{"id":36284,"href":"https:\/\/www.marisolredondo.com\/de\/wp-json\/wp\/v2\/pages\/33767\/revisions\/36284"}],"wp:attachment":[{"href":"https:\/\/www.marisolredondo.com\/de\/wp-json\/wp\/v2\/media?parent=33767"}],"curies":[{"name":"wp","href":"https:\/\/api.w.org\/{rel}","templated":true}]}}