{"id":33631,"date":"2018-09-30T20:44:04","date_gmt":"2018-09-30T20:44:04","guid":{"rendered":"https:\/\/www.marisolredondo.com\/home-g\/"},"modified":"2025-10-24T07:13:50","modified_gmt":"2025-10-24T07:13:50","slug":"home-g","status":"publish","type":"page","link":"https:\/\/www.marisolredondo.com\/de\/","title":{"rendered":"Home"},"content":{"rendered":"<p>[et_pb_section fb_built=&#8220;1&#8243; fullwidth=&#8220;on&#8220; _builder_version=&#8220;4.16&#8243; global_colors_info=&#8220;{}&#8220;][et_pb_fullwidth_header text_orientation=&#8220;center&#8220; header_fullscreen=&#8220;on&#8220; header_scroll_down=&#8220;on&#8220; scroll_down_icon_color=&#8220;#ffffff&#8220; scroll_down_icon_size=&#8220;34px&#8220; logo_image_url=&#8220;https:\/\/www.marisolredondo.com\/wp-content\/uploads\/2018\/08\/logo-large.png&#8220; _builder_version=&#8220;4.16&#8243; title_font=&#8220;|600|||||||&#8220; title_font_size=&#8220;31px&#8220; title_letter_spacing=&#8220;5px&#8220; content_font=&#8220;||||||||&#8220; subhead_font=&#8220;||||||||&#8220; background_image=&#8220;https:\/\/www.marisolredondo.com\/wp-content\/uploads\/2018\/08\/5144bae349.jpg&#8220; custom_css_logo=&#8220;margin-bottom:25px;&#8220; title_text_shadow_style=&#8220;preset1&#8243; global_colors_info=&#8220;{}&#8220; button_one_text_size__hover_enabled=&#8220;off&#8220; button_two_text_size__hover_enabled=&#8220;off&#8220; button_one_text_color__hover_enabled=&#8220;off&#8220; button_two_text_color__hover_enabled=&#8220;off&#8220; button_one_border_width__hover_enabled=&#8220;off&#8220; button_two_border_width__hover_enabled=&#8220;off&#8220; button_one_border_color__hover_enabled=&#8220;off&#8220; button_two_border_color__hover_enabled=&#8220;off&#8220; button_one_border_radius__hover_enabled=&#8220;off&#8220; button_two_border_radius__hover_enabled=&#8220;off&#8220; button_one_letter_spacing__hover_enabled=&#8220;off&#8220; button_two_letter_spacing__hover_enabled=&#8220;off&#8220; button_one_bg_color__hover_enabled=&#8220;off&#8220; button_two_bg_color__hover_enabled=&#8220;off&#8220;]<\/p>\n<hr class=\"underline-style\" \/>\n[\/et_pb_fullwidth_header][\/et_pb_section][et_pb_section fb_built=&#8220;1&#8243; module_id=&#8220;MR-audio&#8220; _builder_version=&#8220;4.16&#8243; background_color=&#8220;#0f1626&#8243; custom_padding=&#8220;10px||45px||false|false&#8220; global_colors_info=&#8220;{}&#8220;][et_pb_row _builder_version=&#8220;4.9.7&#8243; min_height=&#8220;33px&#8220; custom_margin=&#8220;|auto||228px||&#8220; custom_padding=&#8220;40px||0px|&#8220; global_module=&#8220;33961&#8243; saved_tabs=&#8220;all&#8220; global_colors_info=&#8220;{}&#8220;][et_pb_column type=&#8220;4_4&#8243; _builder_version=&#8220;4.16&#8243; custom_padding=&#8220;|||&#8220; global_colors_info=&#8220;{}&#8220; custom_padding__hover=&#8220;|||&#8220;][et_pb_text admin_label=&#8220;Text&#8220; _builder_version=&#8220;4.16&#8243; text_font=&#8220;|600|||||||&#8220; text_text_color=&#8220;#ff533d&#8220; text_font_size=&#8220;20px&#8220; global_colors_info=&#8220;{}&#8220;][\/et_pb_text][\/et_pb_column][\/et_pb_row][et_pb_row column_structure=&#8220;1_2,1_2&#8243; _builder_version=&#8220;4.16&#8243; min_height=&#8220;250px&#8220; custom_margin=&#8220;||&#8220; custom_padding=&#8220;10px||87px||false|false&#8220; hover_enabled=&#8220;0&#8243; global_colors_info=&#8220;{}&#8220; sticky_enabled=&#8220;0&#8243;][et_pb_column type=&#8220;1_2&#8243; _builder_version=&#8220;4.16&#8243; global_colors_info=&#8220;{}&#8220;][et_pb_image src=&#8220;https:\/\/www.marisolredondo.com\/wp-content\/uploads\/2025\/10\/cuba-y-uruguay-221125-eventfrog-SXEMY23R.webp&#8220; title_text=&#8220;cuba-y-uruguay-221125-eventfrog-SXEMY23R&#8220; _builder_version=&#8220;4.22.1&#8243; _module_preset=&#8220;default&#8220; min_height=&#8220;405px&#8220; custom_margin=&#8220;||1px|2px|false|false&#8220; custom_padding=&#8220;|2px|19px|0px||&#8220; hover_enabled=&#8220;0&#8243; global_colors_info=&#8220;{}&#8220; sticky_enabled=&#8220;0&#8243; width=&#8220;100%&#8220;][\/et_pb_image][\/et_pb_column][et_pb_column type=&#8220;1_2&#8243; _builder_version=&#8220;4.16&#8243; _module_preset=&#8220;default&#8220; global_colors_info=&#8220;{}&#8220;][et_pb_text _builder_version=&#8220;4.22.0&#8243; text_font=&#8220;|600|||on||||&#8220; text_text_color=&#8220;#f5f5f5&#8243; text_font_size=&#8220;23px&#8220; text_letter_spacing=&#8220;1px&#8220; text_orientation=&#8220;center&#8220; custom_margin=&#8220;||5px|&#8220; global_colors_info=&#8220;{}&#8220;]<\/p>\n<p>NEWS<\/p>\n<p>[\/et_pb_text][et_pb_text _builder_version=&#8220;4.22.1&#8243; text_text_color=&#8220;#f5f5f5&#8243; header_4_font=&#8220;|600|||||||&#8220; header_4_text_color=&#8220;#f5f5f5&#8243; header_4_line_height=&#8220;1.3em&#8220; text_orientation=&#8220;center&#8220; width=&#8220;96.4%&#8220; min_height=&#8220;170.8px&#8220; custom_margin=&#8220;||&#8220; custom_padding=&#8220;|||50px||&#8220; link_option_url=&#8220;https:\/\/marisolredondo.hearnow.com\/a-la-deriva&#8220; link_option_url_new_window=&#8220;on&#8220; hover_enabled=&#8220;0&#8243; header_4_font_size_tablet=&#8220;&#8220; header_4_font_size_phone=&#8220;&#8220; header_4_font_size_last_edited=&#8220;on|tablet&#8220; global_colors_info=&#8220;{}&#8220; background__hover_enabled=&#8220;on|desktop&#8220; sticky_enabled=&#8220;0&#8243;]<\/p>\n<h4>Marisol singt im Theater Stok, Z\u00fcrich am 22. November!<\/h4>\n<h4>Holt euch eure Tickets <a href=\"https:\/\/eventfrog.ch\/en\/p\/concert\/other-music-genres\/cuba-y-uruguay-nuestra-musica-y-sus-raices-africanas-7357449937712324941.html\"><span style=\"color: #3366ff;\"><span style=\"color: #000000;\"><span style=\"color: #33cccc;\">hier<\/span><\/span><\/span><\/a><span style=\"color: #ffffff;\">.<\/span><\/h4>\n<p>[\/et_pb_text][\/et_pb_column][\/et_pb_row][\/et_pb_section][et_pb_section fb_built=&#8220;1&#8243; _builder_version=&#8220;4.16&#8243; custom_padding=&#8220;35px|0px|50.0208px|0px|false|false&#8220; global_colors_info=&#8220;{}&#8220;][et_pb_row column_structure=&#8220;1_2,1_2&#8243; _builder_version=&#8220;4.16&#8243; custom_padding=&#8220;|||&#8220; global_colors_info=&#8220;{}&#8220;][et_pb_column type=&#8220;1_2&#8243; _builder_version=&#8220;4.16&#8243; custom_padding=&#8220;|||&#8220; global_colors_info=&#8220;{}&#8220; custom_padding__hover=&#8220;|||&#8220;][et_pb_image src=&#8220;https:\/\/www.marisolredondo.com\/wp-content\/uploads\/2018\/08\/image-1.png&#8220; align=&#8220;center&#8220; align_tablet=&#8220;center&#8220; align_phone=&#8220;&#8220; align_last_edited=&#8220;on|desktop&#8220; _builder_version=&#8220;4.16&#8243; custom_margin=&#8220;|||&#8220; animation_style=&#8220;slide&#8220; animation_direction=&#8220;bottom&#8220; animation_intensity_slide=&#8220;2%&#8220; border_radii=&#8220;on|3px|3px|3px|3px&#8220; border_width_all=&#8220;8px&#8220; border_color_all=&#8220;#ffffff&#8220; box_shadow_style=&#8220;preset1&#8243; box_shadow_color=&#8220;rgba(0,36,73,0.47)&#8220; global_colors_info=&#8220;{}&#8220;][\/et_pb_image][\/et_pb_column][et_pb_column type=&#8220;1_2&#8243; _builder_version=&#8220;4.16&#8243; custom_padding=&#8220;|||&#8220; global_colors_info=&#8220;{}&#8220; custom_padding__hover=&#8220;|||&#8220;][et_pb_cta _builder_version=&#8220;4.16&#8243; header_font=&#8220;|700|||||||&#8220; header_text_color=&#8220;#0f1626&#8243; header_font_size=&#8220;44px&#8220; header_line_height=&#8220;1.5em&#8220; body_font=&#8220;||||||||&#8220; use_background_color=&#8220;off&#8220; text_orientation=&#8220;left&#8220; background_layout=&#8220;light&#8220; custom_margin=&#8220;60px|||&#8220; header_font_size_tablet=&#8220;&#8220; header_font_size_phone=&#8220;34px&#8220; header_font_size_last_edited=&#8220;on|phone&#8220; global_colors_info=&#8220;{}&#8220; button_text_size__hover_enabled=&#8220;off&#8220; button_one_text_size__hover_enabled=&#8220;off&#8220; button_two_text_size__hover_enabled=&#8220;off&#8220; button_text_color__hover_enabled=&#8220;off&#8220; button_one_text_color__hover_enabled=&#8220;off&#8220; button_two_text_color__hover_enabled=&#8220;off&#8220; button_border_width__hover_enabled=&#8220;off&#8220; button_one_border_width__hover_enabled=&#8220;off&#8220; button_two_border_width__hover_enabled=&#8220;off&#8220; button_border_color__hover_enabled=&#8220;off&#8220; button_one_border_color__hover_enabled=&#8220;off&#8220; button_two_border_color__hover_enabled=&#8220;off&#8220; button_border_radius__hover_enabled=&#8220;off&#8220; button_one_border_radius__hover_enabled=&#8220;off&#8220; button_two_border_radius__hover_enabled=&#8220;off&#8220; button_letter_spacing__hover_enabled=&#8220;off&#8220; button_one_letter_spacing__hover_enabled=&#8220;off&#8220; button_two_letter_spacing__hover_enabled=&#8220;off&#8220; button_bg_color__hover_enabled=&#8220;off&#8220; button_one_bg_color__hover_enabled=&#8220;off&#8220; button_two_bg_color__hover_enabled=&#8220;off&#8220;]<\/p>\n<p><span class=\"MR-dropcap\">M<\/span><span class=\"MR-dropcap-rest\">ARISOL REDONDO<\/span> ist eine uruguayische\/spanische\/schweizerische S\u00e4ngerin. Sie kam in Uruguay zur Welt und zog mit 13 Jahren nach Spanien. Dort wurde sie mit ihren spanischen und s\u00fcdamerikanischen Liedern durch viele \u00f6ffentliche Auftritte (u.a. \u201cPalau de la Musica\u201d und \u201cTeatro Poliorama\u201d in Barcelona) bekannt. Nach TV-und Radioauftritten und einer eigener Schallplatte erhielt sie den begehrten Preis \u201cCan\u00e7\u00f3 Catalana\u201d.<\/p>\n<p>[\/et_pb_cta][et_pb_button button_url=&#8220;https:\/\/www.marisolredondo.com\/de\/biografie\/&#8220; button_text=&#8220;Mehr \u00fcber Marisol&#8220; _builder_version=&#8220;4.16&#8243; global_colors_info=&#8220;{}&#8220;][\/et_pb_button][\/et_pb_column][\/et_pb_row][\/et_pb_section][et_pb_section fb_built=&#8220;1&#8243; module_id=&#8220;MR-audio&#8220; _builder_version=&#8220;4.16&#8243; background_color=&#8220;#0f1626&#8243; custom_padding=&#8220;10px||0px|&#8220; border_width_bottom=&#8220;1px&#8220; border_color_bottom=&#8220;rgba(245,245,245,0.2)&#8220; global_colors_info=&#8220;{}&#8220;][\/et_pb_section][et_pb_section fb_built=&#8220;1&#8243; disabled_on=&#8220;off|off|off&#8220; admin_label=&#8220;Follow Along&#8220; _builder_version=&#8220;3.11.1&#8243; background_color=&#8220;#0f1626&#8243; background_position=&#8220;center_right&#8220; custom_padding=&#8220;0||0||false|false&#8220; top_divider_height=&#8220;43px&#8220; global_module=&#8220;33206&#8243; saved_tabs=&#8220;all&#8220; global_colors_info=&#8220;{}&#8220;][\/et_pb_section]<\/p>\n","protected":false},"excerpt":{"rendered":"<p>NEWSMarisol singt im Theater Stok, Z\u00fcrich am 22. November! Holt euch eure Tickets hier.MARISOL REDONDO ist eine uruguayische\/spanische\/schweizerische S\u00e4ngerin. Sie kam in Uruguay zur Welt und zog mit 13 Jahren nach Spanien. Dort wurde sie mit ihren spanischen und s\u00fcdamerikanischen Liedern durch viele \u00f6ffentliche Auftritte (u.a. \u201cPalau de la Musica\u201d und \u201cTeatro Poliorama\u201d in Barcelona) [&hellip;]<\/p>\n","protected":false},"author":1,"featured_media":0,"parent":0,"menu_order":0,"comment_status":"closed","ping_status":"closed","template":"","meta":{"_et_pb_use_builder":"on","_et_pb_old_content":"","_et_gb_content_width":"","footnotes":""},"yoast_head":"<!-- This site is optimized with the Yoast SEO plugin v21.2 - https:\/\/yoast.com\/wordpress\/plugins\/seo\/ -->\n<title>Marisol Redondo - Singer<\/title>\n<meta name=\"robots\" content=\"index, follow, max-snippet:-1, max-image-preview:large, max-video-preview:-1\" \/>\n<link rel=\"canonical\" href=\"https:\/\/www.marisolredondo.com\/\" \/>\n<meta property=\"og:locale\" content=\"de_DE\" \/>\n<meta property=\"og:type\" content=\"article\" \/>\n<meta property=\"og:title\" content=\"Marisol Redondo - Singer\" \/>\n<meta property=\"og:description\" content=\"NEWSMarisol singt im Theater Stok, Z\u00fcrich am 22. November! Holt euch eure Tickets hier.MARISOL REDONDO ist eine uruguayische\/spanische\/schweizerische S\u00e4ngerin. Sie kam in Uruguay zur Welt und zog mit 13 Jahren nach Spanien. Dort wurde sie mit ihren spanischen und s\u00fcdamerikanischen Liedern durch viele \u00f6ffentliche Auftritte (u.a. \u201cPalau de la Musica\u201d und \u201cTeatro Poliorama\u201d in Barcelona) [&hellip;]\" \/>\n<meta property=\"og:url\" content=\"https:\/\/www.marisolredondo.com\/\" \/>\n<meta property=\"og:site_name\" content=\"Marisol Redondo- Singer\" \/>\n<meta property=\"article:modified_time\" content=\"2025-10-24T07:13:50+00:00\" \/>\n<meta name=\"twitter:card\" content=\"summary_large_image\" \/>\n<meta name=\"twitter:label1\" content=\"Gesch\u00e4tzte Lesezeit\" \/>\n\t<meta name=\"twitter:data1\" content=\"5\u00a0Minuten\" \/>\n<script type=\"application\/ld+json\" class=\"yoast-schema-graph\">{\"@context\":\"https:\/\/schema.org\",\"@graph\":[{\"@type\":\"WebPage\",\"@id\":\"https:\/\/www.marisolredondo.com\/\",\"url\":\"https:\/\/www.marisolredondo.com\/\",\"name\":\"Marisol Redondo - Singer\",\"isPartOf\":{\"@id\":\"https:\/\/www.marisolredondo.com\/#website\"},\"datePublished\":\"2018-09-30T20:44:04+00:00\",\"dateModified\":\"2025-10-24T07:13:50+00:00\",\"breadcrumb\":{\"@id\":\"https:\/\/www.marisolredondo.com\/#breadcrumb\"},\"inLanguage\":\"de\",\"potentialAction\":[{\"@type\":\"ReadAction\",\"target\":[\"https:\/\/www.marisolredondo.com\/\"]}]},{\"@type\":\"BreadcrumbList\",\"@id\":\"https:\/\/www.marisolredondo.com\/#breadcrumb\",\"itemListElement\":[{\"@type\":\"ListItem\",\"position\":1,\"name\":\"Home\",\"item\":\"https:\/\/www.marisolredondo.com\/\"},{\"@type\":\"ListItem\",\"position\":2,\"name\":\"Home\"}]},{\"@type\":\"WebSite\",\"@id\":\"https:\/\/www.marisolredondo.com\/#website\",\"url\":\"https:\/\/www.marisolredondo.com\/\",\"name\":\"Marisol Redondo\",\"description\":\"\",\"publisher\":{\"@id\":\"https:\/\/www.marisolredondo.com\/#\/schema\/person\/a7f4167392c64b100109903e48fe3898\"},\"potentialAction\":[{\"@type\":\"SearchAction\",\"target\":{\"@type\":\"EntryPoint\",\"urlTemplate\":\"https:\/\/www.marisolredondo.com\/?s={search_term_string}\"},\"query-input\":\"required name=search_term_string\"}],\"inLanguage\":\"de\"},{\"@type\":[\"Person\",\"Organization\"],\"@id\":\"https:\/\/www.marisolredondo.com\/#\/schema\/person\/a7f4167392c64b100109903e48fe3898\",\"name\":\"mredondo\",\"image\":{\"@type\":\"ImageObject\",\"inLanguage\":\"de\",\"@id\":\"https:\/\/www.marisolredondo.com\/#\/schema\/person\/image\/\",\"url\":\"https:\/\/secure.gravatar.com\/avatar\/0017f9752f1432e3e718b813e3e35442?s=96&d=mm&r=g\",\"contentUrl\":\"https:\/\/secure.gravatar.com\/avatar\/0017f9752f1432e3e718b813e3e35442?s=96&d=mm&r=g\",\"caption\":\"mredondo\"},\"logo\":{\"@id\":\"https:\/\/www.marisolredondo.com\/#\/schema\/person\/image\/\"}}]}<\/script>\n<!-- \/ Yoast SEO plugin. -->","yoast_head_json":{"title":"Marisol Redondo - Singer","robots":{"index":"index","follow":"follow","max-snippet":"max-snippet:-1","max-image-preview":"max-image-preview:large","max-video-preview":"max-video-preview:-1"},"canonical":"https:\/\/www.marisolredondo.com\/","og_locale":"de_DE","og_type":"article","og_title":"Marisol Redondo - Singer","og_description":"NEWSMarisol singt im Theater Stok, Z\u00fcrich am 22. November! Holt euch eure Tickets hier.MARISOL REDONDO ist eine uruguayische\/spanische\/schweizerische S\u00e4ngerin. Sie kam in Uruguay zur Welt und zog mit 13 Jahren nach Spanien. Dort wurde sie mit ihren spanischen und s\u00fcdamerikanischen Liedern durch viele \u00f6ffentliche Auftritte (u.a. \u201cPalau de la Musica\u201d und \u201cTeatro Poliorama\u201d in Barcelona) [&hellip;]","og_url":"https:\/\/www.marisolredondo.com\/","og_site_name":"Marisol Redondo- Singer","article_modified_time":"2025-10-24T07:13:50+00:00","twitter_card":"summary_large_image","twitter_misc":{"Gesch\u00e4tzte Lesezeit":"5\u00a0Minuten"},"schema":{"@context":"https:\/\/schema.org","@graph":[{"@type":"WebPage","@id":"https:\/\/www.marisolredondo.com\/","url":"https:\/\/www.marisolredondo.com\/","name":"Marisol Redondo - Singer","isPartOf":{"@id":"https:\/\/www.marisolredondo.com\/#website"},"datePublished":"2018-09-30T20:44:04+00:00","dateModified":"2025-10-24T07:13:50+00:00","breadcrumb":{"@id":"https:\/\/www.marisolredondo.com\/#breadcrumb"},"inLanguage":"de","potentialAction":[{"@type":"ReadAction","target":["https:\/\/www.marisolredondo.com\/"]}]},{"@type":"BreadcrumbList","@id":"https:\/\/www.marisolredondo.com\/#breadcrumb","itemListElement":[{"@type":"ListItem","position":1,"name":"Home","item":"https:\/\/www.marisolredondo.com\/"},{"@type":"ListItem","position":2,"name":"Home"}]},{"@type":"WebSite","@id":"https:\/\/www.marisolredondo.com\/#website","url":"https:\/\/www.marisolredondo.com\/","name":"Marisol Redondo","description":"","publisher":{"@id":"https:\/\/www.marisolredondo.com\/#\/schema\/person\/a7f4167392c64b100109903e48fe3898"},"potentialAction":[{"@type":"SearchAction","target":{"@type":"EntryPoint","urlTemplate":"https:\/\/www.marisolredondo.com\/?s={search_term_string}"},"query-input":"required name=search_term_string"}],"inLanguage":"de"},{"@type":["Person","Organization"],"@id":"https:\/\/www.marisolredondo.com\/#\/schema\/person\/a7f4167392c64b100109903e48fe3898","name":"mredondo","image":{"@type":"ImageObject","inLanguage":"de","@id":"https:\/\/www.marisolredondo.com\/#\/schema\/person\/image\/","url":"https:\/\/secure.gravatar.com\/avatar\/0017f9752f1432e3e718b813e3e35442?s=96&d=mm&r=g","contentUrl":"https:\/\/secure.gravatar.com\/avatar\/0017f9752f1432e3e718b813e3e35442?s=96&d=mm&r=g","caption":"mredondo"},"logo":{"@id":"https:\/\/www.marisolredondo.com\/#\/schema\/person\/image\/"}}]}},"_links":{"self":[{"href":"https:\/\/www.marisolredondo.com\/de\/wp-json\/wp\/v2\/pages\/33631"}],"collection":[{"href":"https:\/\/www.marisolredondo.com\/de\/wp-json\/wp\/v2\/pages"}],"about":[{"href":"https:\/\/www.marisolredondo.com\/de\/wp-json\/wp\/v2\/types\/page"}],"author":[{"embeddable":true,"href":"https:\/\/www.marisolredondo.com\/de\/wp-json\/wp\/v2\/users\/1"}],"replies":[{"embeddable":true,"href":"https:\/\/www.marisolredondo.com\/de\/wp-json\/wp\/v2\/comments?post=33631"}],"version-history":[{"count":10,"href":"https:\/\/www.marisolredondo.com\/de\/wp-json\/wp\/v2\/pages\/33631\/revisions"}],"predecessor-version":[{"id":36346,"href":"https:\/\/www.marisolredondo.com\/de\/wp-json\/wp\/v2\/pages\/33631\/revisions\/36346"}],"wp:attachment":[{"href":"https:\/\/www.marisolredondo.com\/de\/wp-json\/wp\/v2\/media?parent=33631"}],"curies":[{"name":"wp","href":"https:\/\/api.w.org\/{rel}","templated":true}]}}